{"id":529,"date":"2025-10-24T00:31:37","date_gmt":"2025-10-24T00:31:37","guid":{"rendered":"https:\/\/www.avavera.de\/partner\/manubois\/"},"modified":"2025-10-30T10:04:47","modified_gmt":"2025-10-30T10:04:47","slug":"manubois","status":"publish","type":"page","link":"https:\/\/www.avavera.de\/fr\/partner\/manubois\/","title":{"rendered":"Manubois"},"content":{"rendered":"\n<div class=\"wp-block-stackable-columns alignfull stk-block-columns stk-block stk-bf4c9fd\" data-block-id=\"bf4c9fd\"><style>.stk-bf4c9fd .stk--block-align-bf4c9fd{align-items:flex-end !important;}.stk-bf4c9fd {padding-top:125px !important;padding-right:15px !important;padding-bottom:75px !important;padding-left:15px !important;margin-bottom:0px !important;}.stk-bf4c9fd-column{max-width:1440px !important;min-width:auto !important;--stk-columns-spacing:25px !important;--stk-column-gap:75px !important;row-gap:50px !important;}@media screen and (max-width: 767px){.stk-bf4c9fd {padding-top:75px !important;}}<\/style><div class=\"stk-row stk-inner-blocks stk--block-align-bf4c9fd stk-block-content stk-content-align stk-bf4c9fd-column alignfull\">\n<div class=\"wp-block-stackable-column stk-block-column stk-column stk-block stk-3d7d606\" data-v=\"4\" data-block-id=\"3d7d606\"><style>.stk-3d7d606-container{margin-top:0px !important;margin-right:0px !important;margin-bottom:0px !important;margin-left:0px !important;}.stk-3d7d606 {align-self:flex-start !important;align-items:flex-end !important;display:flex !important;}.stk-3d7d606-inner-blocks{align-items:flex-start !important;justify-content:flex-start !important;}@media screen and (min-width: 768px){.stk-3d7d606 {flex:var(--stk-flex-grow, 1) 1 calc(30% - var(--stk-column-gap, 0px) * 1 \/ 2 ) !important;}}<\/style><div class=\"stk-column-wrapper stk-block-column__content stk-container stk-3d7d606-container stk--no-background stk--no-padding\"><div class=\"has-text-align-left stk--column-flex stk-block-content stk-inner-blocks stk-3d7d606-inner-blocks\">\n<div class=\"wp-block-stackable-icon-label stk-block-icon-label stk-block stk-57ac94e\" data-block-id=\"57ac94e\"><style>.stk-57ac94e .stk-inner-blocks{gap:10px !important;}<\/style><div class=\"stk-row stk-inner-blocks stk-block-content\">\n<div class=\"wp-block-stackable-icon stk-block-icon has-text-align-left stk-block stk-f98dbc9\" data-block-id=\"f98dbc9\"><style>.stk-f98dbc9 .stk--svg-wrapper .stk--inner-svg svg:last-child{height:20px !important;width:20px !important;}<\/style><span class=\"stk--svg-wrapper\"><div class=\"stk--inner-svg\"><svg style=\"height:0;width:0\"><defs><linearGradient id=\"linear-gradient-f98dbc9\" x1=\"0\" x2=\"100%\" y1=\"0\" y2=\"0\"><stop offset=\"0%\" style=\"stop-opacity:1;stop-color:var(--linear-gradient-f-98-dbc-9-color-1)\"><\/stop><stop offset=\"100%\" style=\"stop-opacity:1;stop-color:var(--linear-gradient-f-98-dbc-9-color-2)\"><\/stop><\/linearGradient><\/defs><\/svg><svg class=\"ugb-custom-icon\" viewBox=\"0 0 35 24\" fill=\"none\" xmlns=\"http:\/\/www.w3.org\/2000\/svg\" aria-hidden=\"true\" width=\"32\" height=\"32\">\n<g clip-path=\"url(#clip0_115_31-24079)\">\n<path d=\"M23.5325 0.817133L21.5325 5.29819H6.6234L8.6234 0.817133H23.5195M24.7792 0H8.11691L5.37665 6.11532H22.039L24.7792 0Z\" fill=\"#000B2E\"><\/path>\n<path d=\"M18.1558 12.7051L16.1558 17.1862H1.24675L3.24675 12.7051H18.1429M19.4026 11.888H2.74026L0 18.0033H16.6623L19.4026 11.888Z\" fill=\"#000B2E\"><\/path>\n<path d=\"M33.7403 6.82702L31.7403 11.3081H20.4286L22.4286 6.82702H33.7403ZM35 6.00989H21.9091L19.1688 12.1252H32.2597L35 6.00989Z\" fill=\"#000B2E\"><\/path>\n<path d=\"M28.3637 18.7018L26.3637 23.1829H15.052L17.052 18.7018H28.3637ZM29.6234 17.8847H16.5325L13.7922 24H26.8831L29.6234 17.8847Z\" fill=\"#000B2E\"><\/path>\n<\/g>\n<defs>\n<clipPath id=\"clip0_115_31-24079\">\n<rect width=\"35\" height=\"24\" fill=\"white\"><\/rect>\n<\/clipPath>\n<\/defs>\n<\/svg><\/div><\/span><\/div>\n\n\n\n<div class=\"wp-block-stackable-heading stk-block-heading stk-block-heading--v2 stk-block stk-47aa809\" id=\"partner\" data-block-id=\"47aa809\"><style>.stk-47aa809 .stk-block-heading__text{font-size:20px !important;font-weight:400 !important;font-family:\"Open Sans\", Sans-serif !important;}@media screen and (max-width: 1023px){.stk-47aa809 .stk-block-heading__text{font-size:20px !important;}}<\/style><h2 class=\"stk-block-heading__text\">Partenaires<\/h2><\/div>\n<\/div><\/div>\n<\/div><\/div><\/div>\n\n\n\n<div class=\"wp-block-stackable-column stk-block-column stk-column stk-block stk-00cb4fe custom-logo-animation-container\" data-v=\"4\" data-block-id=\"00cb4fe\"><style>.stk-00cb4fe-container{margin-top:0px !important;margin-right:0px !important;margin-bottom:0px !important;margin-left:0px !important;}.stk-00cb4fe {align-self:flex-end !important;align-items:flex-end !important;padding-top:0px !important;padding-right:0px !important;padding-bottom:0px !important;padding-left:0px !important;display:flex !important;}.stk-00cb4fe-inner-blocks{justify-content:flex-end !important;}@media screen and (min-width: 768px){.stk-00cb4fe {flex:var(--stk-flex-grow, 1) 1 calc(70% - var(--stk-column-gap, 0px) * 1 \/ 2 ) !important;}}<\/style><div class=\"stk-column-wrapper stk-block-column__content stk-container stk-00cb4fe-container stk--no-background stk--no-padding\"><div class=\"stk--column-flex stk-block-content stk-inner-blocks stk-00cb4fe-inner-blocks\">\n<div class=\"wp-block-stackable-heading stk-block-heading stk-block-heading--v2 stk-block stk-f25ae2c custom-logo-animation\" id=\"manubois\" data-block-id=\"f25ae2c\"><style>.stk-f25ae2c .stk-block-heading__text{font-size:3em !important;font-weight:500 !important;font-family:\"Open Sans\", Sans-serif !important;}@media screen and (max-width: 1023px){.stk-f25ae2c .stk-block-heading__text{font-size:3em !important;}}@media screen and (max-width: 767px){.stk-f25ae2c .stk-block-heading__text{font-size:2.5em !important;}}<\/style><h1 class=\"stk-block-heading__text has-text-align-right has-text-align-left-mobile\">Manubois<\/h1><\/div>\n<\/div><\/div><\/div>\n<\/div><\/div>\n\n\n\n<div class=\"wp-block-stackable-columns alignfull stk-block-columns stk-block stk-6d6e228\" data-block-id=\"6d6e228\"><style>.stk-6d6e228 {padding-right:15px !important;padding-bottom:100px !important;padding-left:15px !important;margin-bottom:0px !important;}.stk-6d6e228-column{--stk-columns-spacing:0px !important;--stk-column-gap:50px !important;row-gap:50px !important;}<\/style><div class=\"stk-row stk-inner-blocks stk-block-content stk-content-align stk-6d6e228-column\">\n<div class=\"wp-block-stackable-column stk-block-column stk-column stk-block stk-e51b787\" data-v=\"4\" data-block-id=\"e51b787\"><div class=\"stk-column-wrapper stk-block-column__content stk-container stk-e51b787-container stk--no-background stk--no-padding\"><div class=\"has-text-align-left-mobile stk-block-content stk-inner-blocks stk-e51b787-inner-blocks\">\n<div class=\"wp-block-stackable-image stk-block-image has-text-align-left-mobile stk-block stk-4715c15\" data-block-id=\"4715c15\"><style>.stk-4715c15 .stk-img-wrapper{width:464px !important;}<\/style><figure><span class=\"stk-img-wrapper stk-image--shape-stretch\"><img loading=\"lazy\" decoding=\"async\" class=\"stk-img wp-image-258\" src=\"https:\/\/www.avavera.de\/wp-content\/uploads\/2025\/10\/67e5190595fa03bbbc0e0ecf_Screenshot-2025-03-27-102255.png\" width=\"464\" height=\"308\" srcset=\"https:\/\/www.avavera.de\/wp-content\/uploads\/2025\/10\/67e5190595fa03bbbc0e0ecf_Screenshot-2025-03-27-102255.png 464w, https:\/\/www.avavera.de\/wp-content\/uploads\/2025\/10\/67e5190595fa03bbbc0e0ecf_Screenshot-2025-03-27-102255-300x199.png 300w\" sizes=\"auto, (max-width: 464px) 100vw, 464px\" \/><\/span><\/figure><\/div>\n<\/div><\/div><\/div>\n\n\n\n<div class=\"wp-block-stackable-column stk-block-column stk-column stk-block stk-e6a2222\" data-v=\"4\" data-block-id=\"e6a2222\"><div class=\"stk-column-wrapper stk-block-column__content stk-container stk-e6a2222-container stk--no-background stk--no-padding\"><div class=\"stk-block-content stk-inner-blocks stk-e6a2222-inner-blocks\">\n<div class=\"wp-block-stackable-text stk-block-text stk-block stk-cedbb7d\" data-block-id=\"cedbb7d\"><p class=\"stk-block-text__text\">Fort de 45 ans d\u2019exp\u00e9rience, Manubois, filiale du Groupe Lefebvre, <strong>s&rsquo;est sp\u00e9cialis\u00e9<\/strong> dans la fabrication de bois lamell\u00e9-coll\u00e9 de h\u00eatre et de composants sur mesure. En tant que partenaire de confiance d\u2019Avavera, Manubois <strong>fournit<\/strong> des \u00e9pines de fa\u00e7ade rideau parfaitement adapt\u00e9es \u00e0 nos syst\u00e8mes de murs-rideaux AVA H et AVA C.<\/p><\/div>\n\n\n\n<div class=\"wp-block-stackable-text stk-block-text stk-block stk-1a3bf79\" data-block-id=\"1a3bf79\"><p class=\"stk-block-text__text\"><br>Gr\u00e2ce \u00e0 leur savoir-faire industriel, Manubois <strong>garantit<\/strong> des bois performants, dimensionnellement stables, et parfaitement compatibles avec le vissage direct ou les canaux de vissage de nos syst\u00e8mes.<\/p><\/div>\n\n\n\n<div class=\"wp-block-stackable-text stk-block-text stk-block stk-de324a1\" data-block-id=\"de324a1\"><p class=\"stk-block-text__text\">Les concepteurs et fabricants peuvent s\u2019adresser \u00e0 Manubois pour obtenir une offre compl\u00e8te et sur mesure, adapt\u00e9e aux largeurs syst\u00e8me de 50, 60 et 80 mm. Ce partenariat permet une int\u00e9gration fluide entre ossature bois et syst\u00e8mes Avavera, tout en r\u00e9pondant aux plus hautes exigences techniques, esth\u00e9tiques et de durabilit\u00e9<\/p><\/div>\n\n\n\n<div class=\"wp-block-stackable-button-group stk-block-button-group stk-block stk-4fc1bab\" data-block-id=\"4fc1bab\"><div class=\"stk-row stk-inner-blocks stk-block-content stk-button-group\">\n<div class=\"wp-block-stackable-button stk-block-button is-style-link stk-block stk-34cab2f\" data-block-id=\"34cab2f\"><a class=\"stk-link stk-button stk--hover-effect-darken\" href=\"https:\/\/www.groupe-lefebvre.fr\" target=\"_blank\" rel=\"noreferrer noopener\"><span class=\"stk-button__inner-text\">Visiter le site web<\/span><\/a><\/div>\n<\/div><\/div>\n<\/div><\/div><\/div>\n<\/div><\/div>\n","protected":false},"excerpt":{"rendered":"<p>Partenaires Manubois Fort de 45 ans d\u2019exp\u00e9rience, Manubois, filiale du Groupe Lefebvre, s&rsquo;est sp\u00e9cialis\u00e9 dans la fabrication de bois lamell\u00e9-coll\u00e9 [&hellip;]<\/p>\n","protected":false},"author":1,"featured_media":0,"parent":495,"menu_order":0,"comment_status":"closed","ping_status":"closed","template":"","meta":{"site-sidebar-layout":"default","site-content-layout":"","ast-site-content-layout":"default","site-content-style":"default","site-sidebar-style":"default","ast-global-header-display":"","ast-banner-title-visibility":"","ast-main-header-display":"","ast-hfb-above-header-display":"","ast-hfb-below-header-display":"","ast-hfb-mobile-header-display":"","site-post-title":"","ast-breadcrumbs-content":"","ast-featured-img":"","footer-sml-layout":"","ast-disable-related-posts":"","theme-transparent-header-meta":"","adv-header-id-meta":"","stick-header-meta":"","header-above-stick-meta":"","header-main-stick-meta":"","header-below-stick-meta":"","astra-migrate-meta-layouts":"default","ast-page-background-enabled":"default","ast-page-background-meta":{"desktop":{"background-color":"var(--ast-global-color-5)","background-image":"","background-repeat":"repeat","background-position":"center center","background-size":"auto","background-attachment":"scroll","background-type":"","background-media":"","overlay-type":"","overlay-color":"","overlay-opacity":"","overlay-gradient":""},"tablet":{"background-color":"","background-image":"","background-repeat":"repeat","background-position":"center center","background-size":"auto","background-attachment":"scroll","background-type":"","background-media":"","overlay-type":"","overlay-color":"","overlay-opacity":"","overlay-gradient":""},"mobile":{"background-color":"","background-image":"","background-repeat":"repeat","background-position":"center center","background-size":"auto","background-attachment":"scroll","background-type":"","background-media":"","overlay-type":"","overlay-color":"","overlay-opacity":"","overlay-gradient":""}},"ast-content-background-meta":{"desktop":{"background-color":"var(--ast-global-color-4)","background-image":"","background-repeat":"repeat","background-position":"center center","background-size":"auto","background-attachment":"scroll","background-type":"","background-media":"","overlay-type":"","overlay-color":"","overlay-opacity":"","overlay-gradient":""},"tablet":{"background-color":"var(--ast-global-color-4)","background-image":"","background-repeat":"repeat","background-position":"center center","background-size":"auto","background-attachment":"scroll","background-type":"","background-media":"","overlay-type":"","overlay-color":"","overlay-opacity":"","overlay-gradient":""},"mobile":{"background-color":"var(--ast-global-color-4)","background-image":"","background-repeat":"repeat","background-position":"center center","background-size":"auto","background-attachment":"scroll","background-type":"","background-media":"","overlay-type":"","overlay-color":"","overlay-opacity":"","overlay-gradient":""}},"footnotes":""},"class_list":["post-529","page","type-page","status-publish","hentry"],"yoast_head":"<!-- This site is optimized with the Yoast SEO plugin v27.6 - https:\/\/yoast.com\/product\/yoast-seo-wordpress\/ -->\n<title>Solutions de fa\u00e7ades durables : Coop\u00e9ration AVAVERA &amp; Manubois<\/title>\n<meta name=\"description\" content=\"Manubois, partenaire d&#039;AVAVERA, est synonyme de qualit\u00e9 de bois durable, de fabrication pr\u00e9cise et d&#039;int\u00e9gration parfaite dans les syst\u00e8mes de fa\u00e7ade modernes.\" \/>\n<meta name=\"robots\" content=\"index, follow, max-snippet:-1, max-image-preview:large, max-video-preview:-1\" \/>\n<link rel=\"canonical\" href=\"https:\/\/www.avavera.de\/fr\/partner\/manubois\/\" \/>\n<meta property=\"og:locale\" content=\"fr_FR\" \/>\n<meta property=\"og:type\" content=\"article\" \/>\n<meta property=\"og:title\" content=\"Solutions de fa\u00e7ades durables : Coop\u00e9ration AVAVERA &amp; Manubois\" \/>\n<meta property=\"og:description\" content=\"Manubois, partenaire d&#039;AVAVERA, est synonyme de qualit\u00e9 de bois durable, de fabrication pr\u00e9cise et d&#039;int\u00e9gration parfaite dans les syst\u00e8mes de fa\u00e7ade modernes.\" \/>\n<meta property=\"og:url\" content=\"https:\/\/www.avavera.de\/fr\/partner\/manubois\/\" \/>\n<meta property=\"og:site_name\" content=\"Holz Pfosten-Riegel Fassade &amp; Glasdach\" \/>\n<meta property=\"article:modified_time\" content=\"2025-10-30T10:04:47+00:00\" \/>\n<meta property=\"og:image\" content=\"https:\/\/www.avavera.de\/wp-content\/uploads\/2025\/10\/67e5190595fa03bbbc0e0ecf_Screenshot-2025-03-27-102255.png\" \/>\n\t<meta property=\"og:image:width\" content=\"464\" \/>\n\t<meta property=\"og:image:height\" content=\"308\" \/>\n\t<meta property=\"og:image:type\" content=\"image\/png\" \/>\n<meta name=\"twitter:card\" content=\"summary_large_image\" \/>\n<meta name=\"twitter:label1\" content=\"Dur\u00e9e de lecture estim\u00e9e\" \/>\n\t<meta name=\"twitter:data1\" content=\"1 minute\" \/>\n<script type=\"application\/ld+json\" class=\"yoast-schema-graph\">{\"@context\":\"https:\\\/\\\/schema.org\",\"@graph\":[{\"@type\":\"WebPage\",\"@id\":\"https:\\\/\\\/www.avavera.de\\\/fr\\\/partner\\\/manubois\\\/\",\"url\":\"https:\\\/\\\/www.avavera.de\\\/fr\\\/partner\\\/manubois\\\/\",\"name\":\"Solutions de fa\u00e7ades durables : Coop\u00e9ration AVAVERA & Manubois\",\"isPartOf\":{\"@id\":\"https:\\\/\\\/www.avavera.de\\\/fr\\\/#website\"},\"primaryImageOfPage\":{\"@id\":\"https:\\\/\\\/www.avavera.de\\\/fr\\\/partner\\\/manubois\\\/#primaryimage\"},\"image\":{\"@id\":\"https:\\\/\\\/www.avavera.de\\\/fr\\\/partner\\\/manubois\\\/#primaryimage\"},\"thumbnailUrl\":\"https:\\\/\\\/www.avavera.de\\\/wp-content\\\/uploads\\\/2025\\\/10\\\/67e5190595fa03bbbc0e0ecf_Screenshot-2025-03-27-102255.png\",\"datePublished\":\"2025-10-24T00:31:37+00:00\",\"dateModified\":\"2025-10-30T10:04:47+00:00\",\"description\":\"Manubois, partenaire d'AVAVERA, est synonyme de qualit\u00e9 de bois durable, de fabrication pr\u00e9cise et d'int\u00e9gration parfaite dans les syst\u00e8mes de fa\u00e7ade modernes.\",\"breadcrumb\":{\"@id\":\"https:\\\/\\\/www.avavera.de\\\/fr\\\/partner\\\/manubois\\\/#breadcrumb\"},\"inLanguage\":\"fr-FR\",\"potentialAction\":[{\"@type\":\"ReadAction\",\"target\":[\"https:\\\/\\\/www.avavera.de\\\/fr\\\/partner\\\/manubois\\\/\"]}]},{\"@type\":\"ImageObject\",\"inLanguage\":\"fr-FR\",\"@id\":\"https:\\\/\\\/www.avavera.de\\\/fr\\\/partner\\\/manubois\\\/#primaryimage\",\"url\":\"https:\\\/\\\/www.avavera.de\\\/wp-content\\\/uploads\\\/2025\\\/10\\\/67e5190595fa03bbbc0e0ecf_Screenshot-2025-03-27-102255.png\",\"contentUrl\":\"https:\\\/\\\/www.avavera.de\\\/wp-content\\\/uploads\\\/2025\\\/10\\\/67e5190595fa03bbbc0e0ecf_Screenshot-2025-03-27-102255.png\"},{\"@type\":\"BreadcrumbList\",\"@id\":\"https:\\\/\\\/www.avavera.de\\\/fr\\\/partner\\\/manubois\\\/#breadcrumb\",\"itemListElement\":[{\"@type\":\"ListItem\",\"position\":1,\"name\":\"Startseite\",\"item\":\"https:\\\/\\\/www.avavera.de\\\/fr\\\/\"},{\"@type\":\"ListItem\",\"position\":2,\"name\":\"Partenaires\",\"item\":\"https:\\\/\\\/www.avavera.de\\\/fr\\\/partner\\\/\"},{\"@type\":\"ListItem\",\"position\":3,\"name\":\"Manubois\"}]},{\"@type\":\"WebSite\",\"@id\":\"https:\\\/\\\/www.avavera.de\\\/fr\\\/#website\",\"url\":\"https:\\\/\\\/www.avavera.de\\\/fr\\\/\",\"name\":\"Holz Pfosten-Riegel Fassade &amp; Glasdach\",\"description\":\"AVAVERA\",\"publisher\":{\"@id\":\"https:\\\/\\\/www.avavera.de\\\/fr\\\/#organization\"},\"potentialAction\":[{\"@type\":\"SearchAction\",\"target\":{\"@type\":\"EntryPoint\",\"urlTemplate\":\"https:\\\/\\\/www.avavera.de\\\/fr\\\/?s={search_term_string}\"},\"query-input\":{\"@type\":\"PropertyValueSpecification\",\"valueRequired\":true,\"valueName\":\"search_term_string\"}}],\"inLanguage\":\"fr-FR\"},{\"@type\":\"Organization\",\"@id\":\"https:\\\/\\\/www.avavera.de\\\/fr\\\/#organization\",\"name\":\"Holz Pfosten-Riegel Fassade &amp; Glasdach\",\"url\":\"https:\\\/\\\/www.avavera.de\\\/fr\\\/\",\"logo\":{\"@type\":\"ImageObject\",\"inLanguage\":\"fr-FR\",\"@id\":\"https:\\\/\\\/www.avavera.de\\\/fr\\\/#\\\/schema\\\/logo\\\/image\\\/\",\"url\":\"https:\\\/\\\/www.avavera.de\\\/wp-content\\\/uploads\\\/2025\\\/10\\\/avavera-logo-3.png\",\"contentUrl\":\"https:\\\/\\\/www.avavera.de\\\/wp-content\\\/uploads\\\/2025\\\/10\\\/avavera-logo-3.png\",\"width\":284,\"height\":113,\"caption\":\"Holz Pfosten-Riegel Fassade &amp; Glasdach\"},\"image\":{\"@id\":\"https:\\\/\\\/www.avavera.de\\\/fr\\\/#\\\/schema\\\/logo\\\/image\\\/\"}}]}<\/script>\n<!-- \/ Yoast SEO plugin. -->","yoast_head_json":{"title":"Solutions de fa\u00e7ades durables : Coop\u00e9ration AVAVERA & Manubois","description":"Manubois, partenaire d'AVAVERA, est synonyme de qualit\u00e9 de bois durable, de fabrication pr\u00e9cise et d'int\u00e9gration parfaite dans les syst\u00e8mes de fa\u00e7ade modernes.","robots":{"index":"index","follow":"follow","max-snippet":"max-snippet:-1","max-image-preview":"max-image-preview:large","max-video-preview":"max-video-preview:-1"},"canonical":"https:\/\/www.avavera.de\/fr\/partner\/manubois\/","og_locale":"fr_FR","og_type":"article","og_title":"Solutions de fa\u00e7ades durables : Coop\u00e9ration AVAVERA & Manubois","og_description":"Manubois, partenaire d'AVAVERA, est synonyme de qualit\u00e9 de bois durable, de fabrication pr\u00e9cise et d'int\u00e9gration parfaite dans les syst\u00e8mes de fa\u00e7ade modernes.","og_url":"https:\/\/www.avavera.de\/fr\/partner\/manubois\/","og_site_name":"Holz Pfosten-Riegel Fassade &amp; Glasdach","article_modified_time":"2025-10-30T10:04:47+00:00","og_image":[{"width":464,"height":308,"url":"https:\/\/www.avavera.de\/wp-content\/uploads\/2025\/10\/67e5190595fa03bbbc0e0ecf_Screenshot-2025-03-27-102255.png","type":"image\/png"}],"twitter_card":"summary_large_image","twitter_misc":{"Dur\u00e9e de lecture estim\u00e9e":"1 minute"},"schema":{"@context":"https:\/\/schema.org","@graph":[{"@type":"WebPage","@id":"https:\/\/www.avavera.de\/fr\/partner\/manubois\/","url":"https:\/\/www.avavera.de\/fr\/partner\/manubois\/","name":"Solutions de fa\u00e7ades durables : Coop\u00e9ration AVAVERA & Manubois","isPartOf":{"@id":"https:\/\/www.avavera.de\/fr\/#website"},"primaryImageOfPage":{"@id":"https:\/\/www.avavera.de\/fr\/partner\/manubois\/#primaryimage"},"image":{"@id":"https:\/\/www.avavera.de\/fr\/partner\/manubois\/#primaryimage"},"thumbnailUrl":"https:\/\/www.avavera.de\/wp-content\/uploads\/2025\/10\/67e5190595fa03bbbc0e0ecf_Screenshot-2025-03-27-102255.png","datePublished":"2025-10-24T00:31:37+00:00","dateModified":"2025-10-30T10:04:47+00:00","description":"Manubois, partenaire d'AVAVERA, est synonyme de qualit\u00e9 de bois durable, de fabrication pr\u00e9cise et d'int\u00e9gration parfaite dans les syst\u00e8mes de fa\u00e7ade modernes.","breadcrumb":{"@id":"https:\/\/www.avavera.de\/fr\/partner\/manubois\/#breadcrumb"},"inLanguage":"fr-FR","potentialAction":[{"@type":"ReadAction","target":["https:\/\/www.avavera.de\/fr\/partner\/manubois\/"]}]},{"@type":"ImageObject","inLanguage":"fr-FR","@id":"https:\/\/www.avavera.de\/fr\/partner\/manubois\/#primaryimage","url":"https:\/\/www.avavera.de\/wp-content\/uploads\/2025\/10\/67e5190595fa03bbbc0e0ecf_Screenshot-2025-03-27-102255.png","contentUrl":"https:\/\/www.avavera.de\/wp-content\/uploads\/2025\/10\/67e5190595fa03bbbc0e0ecf_Screenshot-2025-03-27-102255.png"},{"@type":"BreadcrumbList","@id":"https:\/\/www.avavera.de\/fr\/partner\/manubois\/#breadcrumb","itemListElement":[{"@type":"ListItem","position":1,"name":"Startseite","item":"https:\/\/www.avavera.de\/fr\/"},{"@type":"ListItem","position":2,"name":"Partenaires","item":"https:\/\/www.avavera.de\/fr\/partner\/"},{"@type":"ListItem","position":3,"name":"Manubois"}]},{"@type":"WebSite","@id":"https:\/\/www.avavera.de\/fr\/#website","url":"https:\/\/www.avavera.de\/fr\/","name":"Holz Pfosten-Riegel Fassade &amp; Glasdach","description":"AVAVERA","publisher":{"@id":"https:\/\/www.avavera.de\/fr\/#organization"},"potentialAction":[{"@type":"SearchAction","target":{"@type":"EntryPoint","urlTemplate":"https:\/\/www.avavera.de\/fr\/?s={search_term_string}"},"query-input":{"@type":"PropertyValueSpecification","valueRequired":true,"valueName":"search_term_string"}}],"inLanguage":"fr-FR"},{"@type":"Organization","@id":"https:\/\/www.avavera.de\/fr\/#organization","name":"Holz Pfosten-Riegel Fassade &amp; Glasdach","url":"https:\/\/www.avavera.de\/fr\/","logo":{"@type":"ImageObject","inLanguage":"fr-FR","@id":"https:\/\/www.avavera.de\/fr\/#\/schema\/logo\/image\/","url":"https:\/\/www.avavera.de\/wp-content\/uploads\/2025\/10\/avavera-logo-3.png","contentUrl":"https:\/\/www.avavera.de\/wp-content\/uploads\/2025\/10\/avavera-logo-3.png","width":284,"height":113,"caption":"Holz Pfosten-Riegel Fassade &amp; Glasdach"},"image":{"@id":"https:\/\/www.avavera.de\/fr\/#\/schema\/logo\/image\/"}}]}},"_links":{"self":[{"href":"https:\/\/www.avavera.de\/fr\/wp-json\/wp\/v2\/pages\/529","targetHints":{"allow":["GET"]}}],"collection":[{"href":"https:\/\/www.avavera.de\/fr\/wp-json\/wp\/v2\/pages"}],"about":[{"href":"https:\/\/www.avavera.de\/fr\/wp-json\/wp\/v2\/types\/page"}],"author":[{"embeddable":true,"href":"https:\/\/www.avavera.de\/fr\/wp-json\/wp\/v2\/users\/1"}],"replies":[{"embeddable":true,"href":"https:\/\/www.avavera.de\/fr\/wp-json\/wp\/v2\/comments?post=529"}],"version-history":[{"count":4,"href":"https:\/\/www.avavera.de\/fr\/wp-json\/wp\/v2\/pages\/529\/revisions"}],"predecessor-version":[{"id":941,"href":"https:\/\/www.avavera.de\/fr\/wp-json\/wp\/v2\/pages\/529\/revisions\/941"}],"up":[{"embeddable":true,"href":"https:\/\/www.avavera.de\/fr\/wp-json\/wp\/v2\/pages\/495"}],"wp:attachment":[{"href":"https:\/\/www.avavera.de\/fr\/wp-json\/wp\/v2\/media?parent=529"}],"curies":[{"name":"wp","href":"https:\/\/api.w.org\/{rel}","templated":true}]}}