{"id":545,"date":"2025-10-24T00:30:12","date_gmt":"2025-10-24T00:30:12","guid":{"rendered":"https:\/\/www.avavera.de\/partner\/ift\/"},"modified":"2025-10-30T10:07:25","modified_gmt":"2025-10-30T10:07:25","slug":"ift","status":"publish","type":"page","link":"https:\/\/www.avavera.de\/fr\/partner\/ift\/","title":{"rendered":"ift"},"content":{"rendered":"\n<div class=\"wp-block-stackable-columns alignfull stk-block-columns stk-block stk-bf4c9fd\" data-block-id=\"bf4c9fd\"><style>.stk-bf4c9fd .stk--block-align-bf4c9fd{align-items:flex-end !important;}.stk-bf4c9fd {padding-top:125px !important;padding-right:15px !important;padding-bottom:75px !important;padding-left:15px !important;margin-bottom:0px !important;}.stk-bf4c9fd-column{max-width:1440px !important;min-width:auto !important;--stk-columns-spacing:25px !important;--stk-column-gap:75px !important;row-gap:50px !important;}@media screen and (max-width: 767px){.stk-bf4c9fd {padding-top:75px !important;}}<\/style><div class=\"stk-row stk-inner-blocks stk--block-align-bf4c9fd stk-block-content stk-content-align stk-bf4c9fd-column alignfull\">\n<div class=\"wp-block-stackable-column stk-block-column stk-column stk-block stk-3d7d606\" data-v=\"4\" data-block-id=\"3d7d606\"><style>.stk-3d7d606-container{margin-top:0px !important;margin-right:0px !important;margin-bottom:0px !important;margin-left:0px !important;}.stk-3d7d606 {align-self:flex-start !important;align-items:flex-end !important;display:flex !important;}.stk-3d7d606-inner-blocks{align-items:flex-start !important;justify-content:flex-start !important;}@media screen and (min-width: 768px){.stk-3d7d606 {flex:var(--stk-flex-grow, 1) 1 calc(30% - var(--stk-column-gap, 0px) * 1 \/ 2 ) !important;}}<\/style><div class=\"stk-column-wrapper stk-block-column__content stk-container stk-3d7d606-container stk--no-background stk--no-padding\"><div class=\"has-text-align-left stk--column-flex stk-block-content stk-inner-blocks stk-3d7d606-inner-blocks\">\n<div class=\"wp-block-stackable-icon-label stk-block-icon-label stk-block stk-57ac94e\" data-block-id=\"57ac94e\"><style>.stk-57ac94e .stk-inner-blocks{gap:10px !important;}<\/style><div class=\"stk-row stk-inner-blocks stk-block-content\">\n<div class=\"wp-block-stackable-icon stk-block-icon has-text-align-left stk-block stk-f98dbc9\" data-block-id=\"f98dbc9\"><style>.stk-f98dbc9 .stk--svg-wrapper .stk--inner-svg svg:last-child{height:20px !important;width:20px !important;}<\/style><span class=\"stk--svg-wrapper\"><div class=\"stk--inner-svg\"><svg style=\"height:0;width:0\"><defs><linearGradient id=\"linear-gradient-f98dbc9\" x1=\"0\" x2=\"100%\" y1=\"0\" y2=\"0\"><stop offset=\"0%\" style=\"stop-opacity:1;stop-color:var(--linear-gradient-f-98-dbc-9-color-1)\"><\/stop><stop offset=\"100%\" style=\"stop-opacity:1;stop-color:var(--linear-gradient-f-98-dbc-9-color-2)\"><\/stop><\/linearGradient><\/defs><\/svg><svg class=\"ugb-custom-icon\" viewBox=\"0 0 35 24\" fill=\"none\" xmlns=\"http:\/\/www.w3.org\/2000\/svg\" aria-hidden=\"true\" width=\"32\" height=\"32\">\n<g clip-path=\"url(#clip0_115_31-24079)\">\n<path d=\"M23.5325 0.817133L21.5325 5.29819H6.6234L8.6234 0.817133H23.5195M24.7792 0H8.11691L5.37665 6.11532H22.039L24.7792 0Z\" fill=\"#000B2E\"><\/path>\n<path d=\"M18.1558 12.7051L16.1558 17.1862H1.24675L3.24675 12.7051H18.1429M19.4026 11.888H2.74026L0 18.0033H16.6623L19.4026 11.888Z\" fill=\"#000B2E\"><\/path>\n<path d=\"M33.7403 6.82702L31.7403 11.3081H20.4286L22.4286 6.82702H33.7403ZM35 6.00989H21.9091L19.1688 12.1252H32.2597L35 6.00989Z\" fill=\"#000B2E\"><\/path>\n<path d=\"M28.3637 18.7018L26.3637 23.1829H15.052L17.052 18.7018H28.3637ZM29.6234 17.8847H16.5325L13.7922 24H26.8831L29.6234 17.8847Z\" fill=\"#000B2E\"><\/path>\n<\/g>\n<defs>\n<clipPath id=\"clip0_115_31-24079\">\n<rect width=\"35\" height=\"24\" fill=\"white\"><\/rect>\n<\/clipPath>\n<\/defs>\n<\/svg><\/div><\/span><\/div>\n\n\n\n<div class=\"wp-block-stackable-heading stk-block-heading stk-block-heading--v2 stk-block stk-47aa809\" id=\"partner\" data-block-id=\"47aa809\"><style>.stk-47aa809 .stk-block-heading__text{font-size:20px !important;font-weight:400 !important;font-family:\"Open Sans\", Sans-serif !important;}@media screen and (max-width: 1023px){.stk-47aa809 .stk-block-heading__text{font-size:20px !important;}}<\/style><h2 class=\"stk-block-heading__text\">Partenaires<\/h2><\/div>\n<\/div><\/div>\n<\/div><\/div><\/div>\n\n\n\n<div class=\"wp-block-stackable-column stk-block-column stk-column stk-block stk-00cb4fe custom-logo-animation-container\" data-v=\"4\" data-block-id=\"00cb4fe\"><style>.stk-00cb4fe-container{margin-top:0px !important;margin-right:0px !important;margin-bottom:0px !important;margin-left:0px !important;}.stk-00cb4fe {align-self:flex-end !important;align-items:flex-end !important;padding-top:0px !important;padding-right:0px !important;padding-bottom:0px !important;padding-left:0px !important;display:flex !important;}.stk-00cb4fe-inner-blocks{justify-content:flex-end !important;}@media screen and (min-width: 768px){.stk-00cb4fe {flex:var(--stk-flex-grow, 1) 1 calc(70% - var(--stk-column-gap, 0px) * 1 \/ 2 ) !important;}}<\/style><div class=\"stk-column-wrapper stk-block-column__content stk-container stk-00cb4fe-container stk--no-background stk--no-padding\"><div class=\"stk--column-flex stk-block-content stk-inner-blocks stk-00cb4fe-inner-blocks\">\n<div class=\"wp-block-stackable-heading stk-block-heading stk-block-heading--v2 stk-block stk-f25ae2c custom-logo-animation\" id=\"ift-rosenheim-institut-fur-fenstertechnik\" data-block-id=\"f25ae2c\"><style>.stk-f25ae2c .stk-block-heading__text{font-size:3em !important;font-weight:500 !important;font-family:\"Open Sans\", Sans-serif !important;}@media screen and (max-width: 1023px){.stk-f25ae2c .stk-block-heading__text{font-size:3em !important;}}@media screen and (max-width: 767px){.stk-f25ae2c .stk-block-heading__text{font-size:2.5em !important;}}<\/style><h1 class=\"stk-block-heading__text has-text-align-right has-text-align-left-mobile\">IFT Rosenheim &#8211; Institut de technologie des fen\u00eatres<\/h1><\/div>\n<\/div><\/div><\/div>\n<\/div><\/div>\n\n\n\n<div class=\"wp-block-stackable-columns alignfull stk-block-columns stk-block stk-6d6e228\" data-block-id=\"6d6e228\"><style>.stk-6d6e228 {padding-right:15px !important;padding-bottom:100px !important;padding-left:15px !important;margin-bottom:0px !important;}.stk-6d6e228-column{--stk-columns-spacing:0px !important;--stk-column-gap:50px !important;row-gap:50px !important;}<\/style><div class=\"stk-row stk-inner-blocks stk-block-content stk-content-align stk-6d6e228-column\">\n<div class=\"wp-block-stackable-column stk-block-column stk-column stk-block stk-e51b787\" data-v=\"4\" data-block-id=\"e51b787\"><div class=\"stk-column-wrapper stk-block-column__content stk-container stk-e51b787-container stk--no-background stk--no-padding\"><div class=\"stk-block-content stk-inner-blocks stk-e51b787-inner-blocks\">\n<div class=\"wp-block-stackable-image stk-block-image has-text-align-left-mobile stk-block stk-4715c15\" data-block-id=\"4715c15\"><style>.stk-4715c15 .stk-img-wrapper{width:464px !important;}<\/style><figure><span class=\"stk-img-wrapper stk-image--shape-stretch\"><img loading=\"lazy\" decoding=\"async\" class=\"stk-img wp-image-257\" src=\"https:\/\/www.avavera.de\/wp-content\/uploads\/2025\/10\/68402dd15fd7148a5822b02f_ift_geprueft.png\" width=\"464\" height=\"308\" srcset=\"https:\/\/www.avavera.de\/wp-content\/uploads\/2025\/10\/68402dd15fd7148a5822b02f_ift_geprueft.png 464w, https:\/\/www.avavera.de\/wp-content\/uploads\/2025\/10\/68402dd15fd7148a5822b02f_ift_geprueft-300x199.png 300w\" sizes=\"auto, (max-width: 464px) 100vw, 464px\" \/><\/span><\/figure><\/div>\n<\/div><\/div><\/div>\n\n\n\n<div class=\"wp-block-stackable-column stk-block-column stk-column stk-block stk-e6a2222\" data-v=\"4\" data-block-id=\"e6a2222\"><div class=\"stk-column-wrapper stk-block-column__content stk-container stk-e6a2222-container stk--no-background stk--no-padding\"><div class=\"stk-block-content stk-inner-blocks stk-e6a2222-inner-blocks\">\n<div class=\"wp-block-stackable-text stk-block-text stk-block stk-cedbb7d\" data-block-id=\"cedbb7d\"><p class=\"stk-block-text__text\">Le <strong>label ift-gepr\u00fcft<\/strong> identifie les produits dont une ou plusieurs caract\u00e9ristiques ont \u00e9t\u00e9 <strong>test\u00e9es et \u00e9valu\u00e9es par l\u2019IFT Rosenheim<\/strong>, un <strong>institut d\u2019essais ind\u00e9pendant et internationalement reconnu.<\/strong><\/p><\/div>\n\n\n\n<div class=\"wp-block-stackable-text stk-block-text stk-block stk-64008ce\" data-block-id=\"64008ce\"><p class=\"stk-block-text__text\"><br>Chaque produit certifi\u00e9 dispose d\u2019une <strong>identification unique ou d\u2019un code QR<\/strong>, permettant de <strong>v\u00e9rifier en ligne l\u2019authenticit\u00e9 des certificats.<\/strong><br>L\u2019<strong>IFT Rosenheim<\/strong> est un <strong>institut internationalement reconnu d\u2019essais, de surveillance et de certification<\/strong>, sp\u00e9cialis\u00e9 dans les <strong>fen\u00eatres, portes, murs rideaux, vitrages et mat\u00e9riaux de construction associ\u00e9s.<\/strong><\/p><\/div>\n\n\n\n<div class=\"wp-block-stackable-text stk-block-text stk-block stk-aee87c0\" data-block-id=\"aee87c0\"><p class=\"stk-block-text__text\"><br>Il accompagne les fabricants et les concepteurs \u00e0 travers des <strong>tests objectifs et fiables<\/strong> portant sur les <strong>caract\u00e9ristiques thermiques, m\u00e9caniques, acoustiques et de s\u00e9curit\u00e9.<\/strong><br>La <strong>collaboration entre AVAVERA et l\u2019IFT Rosenheim<\/strong> garantit que nos <strong>syst\u00e8mes de murs rideaux en bois<\/strong> r\u00e9pondent aux <strong>exigences europ\u00e9ennes les plus strictes<\/strong> en mati\u00e8re de <strong>performance, de durabilit\u00e9 et de s\u00e9curit\u00e9.<\/strong><\/p><\/div>\n\n\n\n<div class=\"wp-block-stackable-button-group stk-block-button-group stk-block stk-4fc1bab\" data-block-id=\"4fc1bab\"><div class=\"stk-row stk-inner-blocks stk-block-content stk-button-group\">\n<div class=\"wp-block-stackable-button stk-block-button is-style-link stk-block stk-34cab2f\" data-block-id=\"34cab2f\"><a class=\"stk-link stk-button stk--hover-effect-darken\" href=\"https:\/\/www.ift-rosenheim.de\/en\/ift-tested\" target=\"_blank\" rel=\"noreferrer noopener\"><span class=\"stk-button__inner-text\">Visiter le site web<\/span><\/a><\/div>\n<\/div><\/div>\n<\/div><\/div><\/div>\n<\/div><\/div>\n","protected":false},"excerpt":{"rendered":"<p>Partenaires IFT Rosenheim &#8211; Institut de technologie des fen\u00eatres Le label ift-gepr\u00fcft identifie les produits dont une ou plusieurs caract\u00e9ristiques [&hellip;]<\/p>\n","protected":false},"author":1,"featured_media":0,"parent":495,"menu_order":0,"comment_status":"closed","ping_status":"closed","template":"","meta":{"site-sidebar-layout":"default","site-content-layout":"","ast-site-content-layout":"default","site-content-style":"default","site-sidebar-style":"default","ast-global-header-display":"","ast-banner-title-visibility":"","ast-main-header-display":"","ast-hfb-above-header-display":"","ast-hfb-below-header-display":"","ast-hfb-mobile-header-display":"","site-post-title":"","ast-breadcrumbs-content":"","ast-featured-img":"","footer-sml-layout":"","ast-disable-related-posts":"","theme-transparent-header-meta":"","adv-header-id-meta":"","stick-header-meta":"","header-above-stick-meta":"","header-main-stick-meta":"","header-below-stick-meta":"","astra-migrate-meta-layouts":"default","ast-page-background-enabled":"default","ast-page-background-meta":{"desktop":{"background-color":"var(--ast-global-color-5)","background-image":"","background-repeat":"repeat","background-position":"center center","background-size":"auto","background-attachment":"scroll","background-type":"","background-media":"","overlay-type":"","overlay-color":"","overlay-opacity":"","overlay-gradient":""},"tablet":{"background-color":"","background-image":"","background-repeat":"repeat","background-position":"center center","background-size":"auto","background-attachment":"scroll","background-type":"","background-media":"","overlay-type":"","overlay-color":"","overlay-opacity":"","overlay-gradient":""},"mobile":{"background-color":"","background-image":"","background-repeat":"repeat","background-position":"center center","background-size":"auto","background-attachment":"scroll","background-type":"","background-media":"","overlay-type":"","overlay-color":"","overlay-opacity":"","overlay-gradient":""}},"ast-content-background-meta":{"desktop":{"background-color":"var(--ast-global-color-4)","background-image":"","background-repeat":"repeat","background-position":"center center","background-size":"auto","background-attachment":"scroll","background-type":"","background-media":"","overlay-type":"","overlay-color":"","overlay-opacity":"","overlay-gradient":""},"tablet":{"background-color":"var(--ast-global-color-4)","background-image":"","background-repeat":"repeat","background-position":"center center","background-size":"auto","background-attachment":"scroll","background-type":"","background-media":"","overlay-type":"","overlay-color":"","overlay-opacity":"","overlay-gradient":""},"mobile":{"background-color":"var(--ast-global-color-4)","background-image":"","background-repeat":"repeat","background-position":"center center","background-size":"auto","background-attachment":"scroll","background-type":"","background-media":"","overlay-type":"","overlay-color":"","overlay-opacity":"","overlay-gradient":""}},"footnotes":""},"class_list":["post-545","page","type-page","status-publish","hentry"],"yoast_head":"<!-- This site is optimized with the Yoast SEO plugin v27.6 - https:\/\/yoast.com\/product\/yoast-seo-wordpress\/ -->\n<title>AVAVERA et IFT Rosenheim : partenariat pour des fa\u00e7ades en bois contr\u00f4l\u00e9es<\/title>\n<meta name=\"description\" content=\"Avec la certification IFT Rosenheim, AVAVERA garantit une qualit\u00e9 et une s\u00e9curit\u00e9 maximales pour les fa\u00e7ades en bois, qui r\u00e9pondent \u00e0 toutes les normes pertinentes.\" \/>\n<meta name=\"robots\" content=\"index, follow, max-snippet:-1, max-image-preview:large, max-video-preview:-1\" \/>\n<link rel=\"canonical\" href=\"https:\/\/www.avavera.de\/fr\/partner\/ift\/\" \/>\n<meta property=\"og:locale\" content=\"fr_FR\" \/>\n<meta property=\"og:type\" content=\"article\" \/>\n<meta property=\"og:title\" content=\"AVAVERA et IFT Rosenheim : partenariat pour des fa\u00e7ades en bois contr\u00f4l\u00e9es\" \/>\n<meta property=\"og:description\" content=\"Avec la certification IFT Rosenheim, AVAVERA garantit une qualit\u00e9 et une s\u00e9curit\u00e9 maximales pour les fa\u00e7ades en bois, qui r\u00e9pondent \u00e0 toutes les normes pertinentes.\" \/>\n<meta property=\"og:url\" content=\"https:\/\/www.avavera.de\/fr\/partner\/ift\/\" \/>\n<meta property=\"og:site_name\" content=\"Holz Pfosten-Riegel Fassade &amp; Glasdach\" \/>\n<meta property=\"article:modified_time\" content=\"2025-10-30T10:07:25+00:00\" \/>\n<meta property=\"og:image\" content=\"https:\/\/www.avavera.de\/wp-content\/uploads\/2025\/10\/68402dd15fd7148a5822b02f_ift_geprueft.png\" \/>\n\t<meta property=\"og:image:width\" content=\"464\" \/>\n\t<meta property=\"og:image:height\" content=\"308\" \/>\n\t<meta property=\"og:image:type\" content=\"image\/png\" \/>\n<meta name=\"twitter:card\" content=\"summary_large_image\" \/>\n<meta name=\"twitter:label1\" content=\"Dur\u00e9e de lecture estim\u00e9e\" \/>\n\t<meta name=\"twitter:data1\" content=\"2 minutes\" \/>\n<script type=\"application\/ld+json\" class=\"yoast-schema-graph\">{\"@context\":\"https:\\\/\\\/schema.org\",\"@graph\":[{\"@type\":\"WebPage\",\"@id\":\"https:\\\/\\\/www.avavera.de\\\/fr\\\/partner\\\/ift\\\/\",\"url\":\"https:\\\/\\\/www.avavera.de\\\/fr\\\/partner\\\/ift\\\/\",\"name\":\"AVAVERA et IFT Rosenheim : partenariat pour des fa\u00e7ades en bois contr\u00f4l\u00e9es\",\"isPartOf\":{\"@id\":\"https:\\\/\\\/www.avavera.de\\\/fr\\\/#website\"},\"primaryImageOfPage\":{\"@id\":\"https:\\\/\\\/www.avavera.de\\\/fr\\\/partner\\\/ift\\\/#primaryimage\"},\"image\":{\"@id\":\"https:\\\/\\\/www.avavera.de\\\/fr\\\/partner\\\/ift\\\/#primaryimage\"},\"thumbnailUrl\":\"https:\\\/\\\/www.avavera.de\\\/wp-content\\\/uploads\\\/2025\\\/10\\\/68402dd15fd7148a5822b02f_ift_geprueft.png\",\"datePublished\":\"2025-10-24T00:30:12+00:00\",\"dateModified\":\"2025-10-30T10:07:25+00:00\",\"description\":\"Avec la certification IFT Rosenheim, AVAVERA garantit une qualit\u00e9 et une s\u00e9curit\u00e9 maximales pour les fa\u00e7ades en bois, qui r\u00e9pondent \u00e0 toutes les normes pertinentes.\",\"breadcrumb\":{\"@id\":\"https:\\\/\\\/www.avavera.de\\\/fr\\\/partner\\\/ift\\\/#breadcrumb\"},\"inLanguage\":\"fr-FR\",\"potentialAction\":[{\"@type\":\"ReadAction\",\"target\":[\"https:\\\/\\\/www.avavera.de\\\/fr\\\/partner\\\/ift\\\/\"]}]},{\"@type\":\"ImageObject\",\"inLanguage\":\"fr-FR\",\"@id\":\"https:\\\/\\\/www.avavera.de\\\/fr\\\/partner\\\/ift\\\/#primaryimage\",\"url\":\"https:\\\/\\\/www.avavera.de\\\/wp-content\\\/uploads\\\/2025\\\/10\\\/68402dd15fd7148a5822b02f_ift_geprueft.png\",\"contentUrl\":\"https:\\\/\\\/www.avavera.de\\\/wp-content\\\/uploads\\\/2025\\\/10\\\/68402dd15fd7148a5822b02f_ift_geprueft.png\"},{\"@type\":\"BreadcrumbList\",\"@id\":\"https:\\\/\\\/www.avavera.de\\\/fr\\\/partner\\\/ift\\\/#breadcrumb\",\"itemListElement\":[{\"@type\":\"ListItem\",\"position\":1,\"name\":\"Startseite\",\"item\":\"https:\\\/\\\/www.avavera.de\\\/fr\\\/\"},{\"@type\":\"ListItem\",\"position\":2,\"name\":\"Partenaires\",\"item\":\"https:\\\/\\\/www.avavera.de\\\/fr\\\/partner\\\/\"},{\"@type\":\"ListItem\",\"position\":3,\"name\":\"ift\"}]},{\"@type\":\"WebSite\",\"@id\":\"https:\\\/\\\/www.avavera.de\\\/fr\\\/#website\",\"url\":\"https:\\\/\\\/www.avavera.de\\\/fr\\\/\",\"name\":\"Holz Pfosten-Riegel Fassade &amp; Glasdach\",\"description\":\"AVAVERA\",\"publisher\":{\"@id\":\"https:\\\/\\\/www.avavera.de\\\/fr\\\/#organization\"},\"potentialAction\":[{\"@type\":\"SearchAction\",\"target\":{\"@type\":\"EntryPoint\",\"urlTemplate\":\"https:\\\/\\\/www.avavera.de\\\/fr\\\/?s={search_term_string}\"},\"query-input\":{\"@type\":\"PropertyValueSpecification\",\"valueRequired\":true,\"valueName\":\"search_term_string\"}}],\"inLanguage\":\"fr-FR\"},{\"@type\":\"Organization\",\"@id\":\"https:\\\/\\\/www.avavera.de\\\/fr\\\/#organization\",\"name\":\"Holz Pfosten-Riegel Fassade &amp; Glasdach\",\"url\":\"https:\\\/\\\/www.avavera.de\\\/fr\\\/\",\"logo\":{\"@type\":\"ImageObject\",\"inLanguage\":\"fr-FR\",\"@id\":\"https:\\\/\\\/www.avavera.de\\\/fr\\\/#\\\/schema\\\/logo\\\/image\\\/\",\"url\":\"https:\\\/\\\/www.avavera.de\\\/wp-content\\\/uploads\\\/2025\\\/10\\\/avavera-logo-3.png\",\"contentUrl\":\"https:\\\/\\\/www.avavera.de\\\/wp-content\\\/uploads\\\/2025\\\/10\\\/avavera-logo-3.png\",\"width\":284,\"height\":113,\"caption\":\"Holz Pfosten-Riegel Fassade &amp; Glasdach\"},\"image\":{\"@id\":\"https:\\\/\\\/www.avavera.de\\\/fr\\\/#\\\/schema\\\/logo\\\/image\\\/\"}}]}<\/script>\n<!-- \/ Yoast SEO plugin. -->","yoast_head_json":{"title":"AVAVERA et IFT Rosenheim : partenariat pour des fa\u00e7ades en bois contr\u00f4l\u00e9es","description":"Avec la certification IFT Rosenheim, AVAVERA garantit une qualit\u00e9 et une s\u00e9curit\u00e9 maximales pour les fa\u00e7ades en bois, qui r\u00e9pondent \u00e0 toutes les normes pertinentes.","robots":{"index":"index","follow":"follow","max-snippet":"max-snippet:-1","max-image-preview":"max-image-preview:large","max-video-preview":"max-video-preview:-1"},"canonical":"https:\/\/www.avavera.de\/fr\/partner\/ift\/","og_locale":"fr_FR","og_type":"article","og_title":"AVAVERA et IFT Rosenheim : partenariat pour des fa\u00e7ades en bois contr\u00f4l\u00e9es","og_description":"Avec la certification IFT Rosenheim, AVAVERA garantit une qualit\u00e9 et une s\u00e9curit\u00e9 maximales pour les fa\u00e7ades en bois, qui r\u00e9pondent \u00e0 toutes les normes pertinentes.","og_url":"https:\/\/www.avavera.de\/fr\/partner\/ift\/","og_site_name":"Holz Pfosten-Riegel Fassade &amp; Glasdach","article_modified_time":"2025-10-30T10:07:25+00:00","og_image":[{"width":464,"height":308,"url":"https:\/\/www.avavera.de\/wp-content\/uploads\/2025\/10\/68402dd15fd7148a5822b02f_ift_geprueft.png","type":"image\/png"}],"twitter_card":"summary_large_image","twitter_misc":{"Dur\u00e9e de lecture estim\u00e9e":"2 minutes"},"schema":{"@context":"https:\/\/schema.org","@graph":[{"@type":"WebPage","@id":"https:\/\/www.avavera.de\/fr\/partner\/ift\/","url":"https:\/\/www.avavera.de\/fr\/partner\/ift\/","name":"AVAVERA et IFT Rosenheim : partenariat pour des fa\u00e7ades en bois contr\u00f4l\u00e9es","isPartOf":{"@id":"https:\/\/www.avavera.de\/fr\/#website"},"primaryImageOfPage":{"@id":"https:\/\/www.avavera.de\/fr\/partner\/ift\/#primaryimage"},"image":{"@id":"https:\/\/www.avavera.de\/fr\/partner\/ift\/#primaryimage"},"thumbnailUrl":"https:\/\/www.avavera.de\/wp-content\/uploads\/2025\/10\/68402dd15fd7148a5822b02f_ift_geprueft.png","datePublished":"2025-10-24T00:30:12+00:00","dateModified":"2025-10-30T10:07:25+00:00","description":"Avec la certification IFT Rosenheim, AVAVERA garantit une qualit\u00e9 et une s\u00e9curit\u00e9 maximales pour les fa\u00e7ades en bois, qui r\u00e9pondent \u00e0 toutes les normes pertinentes.","breadcrumb":{"@id":"https:\/\/www.avavera.de\/fr\/partner\/ift\/#breadcrumb"},"inLanguage":"fr-FR","potentialAction":[{"@type":"ReadAction","target":["https:\/\/www.avavera.de\/fr\/partner\/ift\/"]}]},{"@type":"ImageObject","inLanguage":"fr-FR","@id":"https:\/\/www.avavera.de\/fr\/partner\/ift\/#primaryimage","url":"https:\/\/www.avavera.de\/wp-content\/uploads\/2025\/10\/68402dd15fd7148a5822b02f_ift_geprueft.png","contentUrl":"https:\/\/www.avavera.de\/wp-content\/uploads\/2025\/10\/68402dd15fd7148a5822b02f_ift_geprueft.png"},{"@type":"BreadcrumbList","@id":"https:\/\/www.avavera.de\/fr\/partner\/ift\/#breadcrumb","itemListElement":[{"@type":"ListItem","position":1,"name":"Startseite","item":"https:\/\/www.avavera.de\/fr\/"},{"@type":"ListItem","position":2,"name":"Partenaires","item":"https:\/\/www.avavera.de\/fr\/partner\/"},{"@type":"ListItem","position":3,"name":"ift"}]},{"@type":"WebSite","@id":"https:\/\/www.avavera.de\/fr\/#website","url":"https:\/\/www.avavera.de\/fr\/","name":"Holz Pfosten-Riegel Fassade &amp; Glasdach","description":"AVAVERA","publisher":{"@id":"https:\/\/www.avavera.de\/fr\/#organization"},"potentialAction":[{"@type":"SearchAction","target":{"@type":"EntryPoint","urlTemplate":"https:\/\/www.avavera.de\/fr\/?s={search_term_string}"},"query-input":{"@type":"PropertyValueSpecification","valueRequired":true,"valueName":"search_term_string"}}],"inLanguage":"fr-FR"},{"@type":"Organization","@id":"https:\/\/www.avavera.de\/fr\/#organization","name":"Holz Pfosten-Riegel Fassade &amp; Glasdach","url":"https:\/\/www.avavera.de\/fr\/","logo":{"@type":"ImageObject","inLanguage":"fr-FR","@id":"https:\/\/www.avavera.de\/fr\/#\/schema\/logo\/image\/","url":"https:\/\/www.avavera.de\/wp-content\/uploads\/2025\/10\/avavera-logo-3.png","contentUrl":"https:\/\/www.avavera.de\/wp-content\/uploads\/2025\/10\/avavera-logo-3.png","width":284,"height":113,"caption":"Holz Pfosten-Riegel Fassade &amp; Glasdach"},"image":{"@id":"https:\/\/www.avavera.de\/fr\/#\/schema\/logo\/image\/"}}]}},"_links":{"self":[{"href":"https:\/\/www.avavera.de\/fr\/wp-json\/wp\/v2\/pages\/545","targetHints":{"allow":["GET"]}}],"collection":[{"href":"https:\/\/www.avavera.de\/fr\/wp-json\/wp\/v2\/pages"}],"about":[{"href":"https:\/\/www.avavera.de\/fr\/wp-json\/wp\/v2\/types\/page"}],"author":[{"embeddable":true,"href":"https:\/\/www.avavera.de\/fr\/wp-json\/wp\/v2\/users\/1"}],"replies":[{"embeddable":true,"href":"https:\/\/www.avavera.de\/fr\/wp-json\/wp\/v2\/comments?post=545"}],"version-history":[{"count":5,"href":"https:\/\/www.avavera.de\/fr\/wp-json\/wp\/v2\/pages\/545\/revisions"}],"predecessor-version":[{"id":951,"href":"https:\/\/www.avavera.de\/fr\/wp-json\/wp\/v2\/pages\/545\/revisions\/951"}],"up":[{"embeddable":true,"href":"https:\/\/www.avavera.de\/fr\/wp-json\/wp\/v2\/pages\/495"}],"wp:attachment":[{"href":"https:\/\/www.avavera.de\/fr\/wp-json\/wp\/v2\/media?parent=545"}],"curies":[{"name":"wp","href":"https:\/\/api.w.org\/{rel}","templated":true}]}}