{"id":604,"date":"2025-10-24T02:00:34","date_gmt":"2025-10-24T02:00:34","guid":{"rendered":"https:\/\/www.avavera.de\/impressum\/"},"modified":"2025-12-10T14:04:24","modified_gmt":"2025-12-10T14:04:24","slug":"impressum","status":"publish","type":"page","link":"https:\/\/www.avavera.de\/fr\/impressum\/","title":{"rendered":"impressum"},"content":{"rendered":"\n<div class=\"wp-block-stackable-columns alignfull stk-block-columns stk-block stk-b4cc40c\" data-block-id=\"b4cc40c\"><style>.stk-b4cc40c {padding-top:100px !important;padding-right:15px !important;padding-bottom:100px !important;padding-left:15px !important;}<\/style><div class=\"stk-row stk-inner-blocks stk-block-content stk-content-align stk-b4cc40c-column\">\n<div class=\"wp-block-stackable-column stk-block-column stk-column stk-block stk-a47f632\" data-v=\"4\" data-block-id=\"a47f632\"><div class=\"stk-column-wrapper stk-block-column__content stk-container stk-a47f632-container stk--no-background stk--no-padding\"><div class=\"stk-block-content stk-inner-blocks stk-a47f632-inner-blocks\"><div style=\"word-wrap: break-word;\"><h1>Impressum<\/h1>\n\n<p>AVAVERA GmbH<br \/>\nKronenweg 41<br \/>\n50389 Wesseling<\/p>\n\n<p>Handelsregister: HRB 121021<br \/>\nRegistergericht: Amtsgericht K&ouml;ln<\/p>\n\n<p><strong>Vertreten durch:<\/strong><br \/>\nNaomi van Noordenne, Helge Horn<\/p>\n\n<h2>Kontakt<\/h2>\n<p>Telefon: +49 2236 309 2010<br \/>\nE-Mail: c.service@avavera.de<\/p>\n\n<h2>Umsatzsteuer-ID<\/h2>\n<p>Umsatzsteuer-Identifikationsnummer gem&auml;&szlig; &sect; 27 a Umsatzsteuergesetz:<br \/>\nDE367743801<\/p>\n\n<h2>Verbraucher&shy;streit&shy;beilegung\/Universal&shy;schlichtungs&shy;stelle<\/h2>\n<p>Wir sind nicht bereit oder verpflichtet, an Streitbeilegungsverfahren vor einer Verbraucherschlichtungsstelle teilzunehmen.<\/p>\n\n<h2>Zentrale Kontaktstelle nach dem Digital Services Act &#8211; DSA (Verordnung (EU) 2022\/265)<\/h2>\n<p>Unsere zentrale Kontaktstelle f&uuml;r Nutzer und Beh&ouml;rden nach Art. 11, 12 DSA erreichen Sie wie folgt:<\/p>\n<p>E-Mail: c.service@avavera.de<br \/>\nTelefon: +49 2236 309 2010\n<\/p>\n<p>Sonstige Kontaktwege:<br \/>\nNL +49 173 615 6367<br \/>\r\nEN +49 173 615 6367<br \/>\r\nFR +49 2236 309 2021<\/p>\n<p>Die f\u00fcr den Kontakt zur Verf&uuml;gung stehenden Sprachen sind: Deutsch, Englisch, Holl&auml;ndisch, Franz&ouml;sisch.<\/p><\/div><\/div><\/div><\/div>\n<\/div><\/div>\n\n\n\n<div class=\"wp-block-stackable-columns alignfull stk-block-columns stk-block stk-0ecb7aa stk-block-background stk--has-background-overlay\" data-block-id=\"0ecb7aa\"><style>.stk-0ecb7aa {background-color:#0f0e17 !important;background-image:url(https:\/\/www.avavera.de\/wp-content\/uploads\/2025\/10\/6821f94d6c9283578cbbcea8_banniere-p-3200-scaled.webp) !important;min-height:650px !important;padding-top:100px !important;margin-bottom:0px !important;}.stk-0ecb7aa:before{background-color:#0f0e17 !important;opacity:0.2 !important;}<\/style><style class=\"stk-custom-css\">.stk-0ecb7aa.stk-block-columns{overflow:hidden !important}<\/style><div class=\"stk-row stk-inner-blocks stk-block-content stk-content-align stk-0ecb7aa-column\">\n<div class=\"wp-block-stackable-column stk-block-column stk-column stk-block stk-f349a81\" data-v=\"4\" data-block-id=\"f349a81\"><div class=\"stk-column-wrapper stk-block-column__content stk-container stk-f349a81-container stk--no-background stk--no-padding\"><div class=\"stk-block-content stk-inner-blocks stk-f349a81-inner-blocks\">\n<div class=\"wp-block-stackable-heading stk-block-heading stk-block-heading--v2 stk-block stk-86167b5 stk-entrance\" id=\"lassen-sie-uns-ihr-projekt-besprechen\" data-block-id=\"86167b5\"><style>.stk-86167b5 .stk-block-heading__text{font-size:3.5em !important;color:var(--ast-global-color-4) !important;font-weight:500 !important;font-family:\"Open Sans\", Sans-serif !important;}.stk-86167b5 {--entrance-transform:translateY(100px) !important;--entrance-duration:0.75s !important;}@media screen and (max-width: 1023px){.stk-86167b5 .stk-block-heading__text{font-size:3.5em !important;}}@media screen and (max-width: 767px){.stk-86167b5 .stk-block-heading__text{font-size:2.5em !important;}}<\/style><h2 class=\"stk-block-heading__text has-text-color\">Lassen Sie uns Ihr Projekt besprechen!<\/h2><\/div>\n\n\n\n<div class=\"wp-block-stackable-button-group stk-block-button-group stk-block stk-7198e04 stk-entrance\" data-block-id=\"7198e04\"><style>.stk-7198e04 {--entrance-transform:translateY(100px) !important;--entrance-duration:0.75s !important;}<\/style><div class=\"stk-row stk-inner-blocks stk-block-content stk-button-group\">\n<div class=\"wp-block-stackable-button stk-block-button custom-style-button is-style-plain stk-block stk-f214f1a\" data-block-id=\"f214f1a\"><style>.stk-f214f1a .stk-button{background:transparent !important;}.stk-f214f1a .stk-button:hover:after{background:transparent !important;opacity:1 !important;}:where(.stk-hover-parent:hover,  .stk-hover-parent.stk--is-hovered) .stk-f214f1a .stk-button:after{background:transparent !important;opacity:1 !important;}.stk-f214f1a .stk-button:before{border-top-width:0px !important;border-right-width:0px !important;border-bottom-width:1px !important;border-left-width:0px !important;}.stk-f214f1a .stk-button .stk--inner-svg svg:last-child, .stk-f214f1a .stk-button .stk--inner-svg svg:last-child :is(g, path, rect, polygon, ellipse){fill:#fffffe !important;}.stk-f214f1a .stk-button__inner-text{font-size:2.25em !important;color:#fffffe !important;line-height:1.5em !important;font-weight:500 !important;font-family:\"Open Sans\", Sans-serif !important;}@media screen and (max-width: 1023px){.stk-f214f1a .stk-button__inner-text{font-size:2.25em !important;}}@media screen and (max-width: 767px){.stk-f214f1a .stk-button__inner-text{font-size:1.2em !important;}}<\/style><a class=\"stk-link stk-button stk--hover-effect-darken\" href=\"https:\/\/www.avavera.de\/contact\/\"><span class=\"stk--svg-wrapper\"><div class=\"stk--inner-svg\"><svg class=\"ugb-custom-icon\" id=\"Ebene_1-57946\" xmlns=\"http:\/\/www.w3.org\/2000\/svg\" xmlns:xlink=\"http:\/\/www.w3.org\/1999\/xlink\" version=\"1.1\" viewBox=\"0 0 19 19\" aria-hidden=\"true\" width=\"32\" height=\"32\">\n  \n  <defs>\n    <style>\n      .st0, .st1 {\n        fill: none;\n      }\n\n      .st1 {\n        stroke: #fff;\n        stroke-miterlimit: 6.37;\n        stroke-width: .58px;\n      }\n\n      .st2 {\n        clip-path: url(#clippath-57946);\n      }\n    <\/style>\n    <clipPath id=\"clippath-57946\">\n      <rect class=\"st0\" width=\"18.83\" height=\"18.83\"><\/rect>\n    <\/clipPath>\n  <\/defs>\n  <g class=\"st2\">\n      <path class=\"st1\" d=\"M5.27.12l8.28,18.59\"><\/path>\n      <path class=\"st1\" d=\"M13.55.12L5.27,18.71\"><\/path>\n      <path class=\"st1\" d=\"M.12,13.55L18.71,5.27\"><\/path>\n      <path class=\"st1\" d=\"M.12,5.27l18.59,8.28\"><\/path>\n    <\/g>\n<\/svg><\/div><\/span><span class=\"has-text-color stk-button__inner-text\">Kontaktieren Sie uns<\/span><\/a><\/div>\n<\/div><\/div>\n<\/div><\/div><\/div>\n<\/div><\/div>\n","protected":false},"excerpt":{"rendered":"<p>Lassen Sie uns Ihr Projekt besprechen! Kontaktieren Sie uns<\/p>\n","protected":false},"author":1,"featured_media":0,"parent":0,"menu_order":0,"comment_status":"closed","ping_status":"closed","template":"","meta":{"site-sidebar-layout":"default","site-content-layout":"","ast-site-content-layout":"default","site-content-style":"default","site-sidebar-style":"default","ast-global-header-display":"","ast-banner-title-visibility":"","ast-main-header-display":"","ast-hfb-above-header-display":"","ast-hfb-below-header-display":"","ast-hfb-mobile-header-display":"","site-post-title":"","ast-breadcrumbs-content":"","ast-featured-img":"","footer-sml-layout":"","ast-disable-related-posts":"","theme-transparent-header-meta":"","adv-header-id-meta":"","stick-header-meta":"","header-above-stick-meta":"","header-main-stick-meta":"","header-below-stick-meta":"","astra-migrate-meta-layouts":"default","ast-page-background-enabled":"default","ast-page-background-meta":{"desktop":{"background-color":"var(--ast-global-color-5)","background-image":"","background-repeat":"repeat","background-position":"center center","background-size":"auto","background-attachment":"scroll","background-type":"","background-media":"","overlay-type":"","overlay-color":"","overlay-opacity":"","overlay-gradient":""},"tablet":{"background-color":"","background-image":"","background-repeat":"repeat","background-position":"center center","background-size":"auto","background-attachment":"scroll","background-type":"","background-media":"","overlay-type":"","overlay-color":"","overlay-opacity":"","overlay-gradient":""},"mobile":{"background-color":"","background-image":"","background-repeat":"repeat","background-position":"center center","background-size":"auto","background-attachment":"scroll","background-type":"","background-media":"","overlay-type":"","overlay-color":"","overlay-opacity":"","overlay-gradient":""}},"ast-content-background-meta":{"desktop":{"background-color":"var(--ast-global-color-4)","background-image":"","background-repeat":"repeat","background-position":"center center","background-size":"auto","background-attachment":"scroll","background-type":"","background-media":"","overlay-type":"","overlay-color":"","overlay-opacity":"","overlay-gradient":""},"tablet":{"background-color":"var(--ast-global-color-4)","background-image":"","background-repeat":"repeat","background-position":"center center","background-size":"auto","background-attachment":"scroll","background-type":"","background-media":"","overlay-type":"","overlay-color":"","overlay-opacity":"","overlay-gradient":""},"mobile":{"background-color":"var(--ast-global-color-4)","background-image":"","background-repeat":"repeat","background-position":"center center","background-size":"auto","background-attachment":"scroll","background-type":"","background-media":"","overlay-type":"","overlay-color":"","overlay-opacity":"","overlay-gradient":""}},"footnotes":""},"class_list":["post-604","page","type-page","status-publish","hentry"],"yoast_head":"<!-- This site is optimized with the Yoast SEO plugin v27.6 - https:\/\/yoast.com\/product\/yoast-seo-wordpress\/ -->\n<title>Pfosten-Riegel Fassade Holz-Alu impressum - Holz Pfosten-Riegel Fassade &amp; Glasdach<\/title>\n<meta name=\"description\" content=\"AVAVERA Pfosten-Riegel Fassade - ein innovatives Gestaltungselement zukunftsorientierter Architektur \u2013 nachhaltig, einfach zu montieren, gepr\u00fcft f\u00fcr h\u00f6chste Leistung.\" \/>\n<meta name=\"robots\" content=\"index, follow, max-snippet:-1, max-image-preview:large, max-video-preview:-1\" \/>\n<link rel=\"canonical\" href=\"https:\/\/www.avavera.de\/fr\/impressum\/\" \/>\n<meta property=\"og:locale\" content=\"fr_FR\" \/>\n<meta property=\"og:type\" content=\"article\" \/>\n<meta property=\"og:title\" content=\"Pfosten-Riegel Fassade Holz-Alu impressum - Holz Pfosten-Riegel Fassade &amp; Glasdach\" \/>\n<meta property=\"og:description\" content=\"AVAVERA Pfosten-Riegel Fassade - ein innovatives Gestaltungselement zukunftsorientierter Architektur \u2013 nachhaltig, einfach zu montieren, gepr\u00fcft f\u00fcr h\u00f6chste Leistung.\" \/>\n<meta property=\"og:url\" content=\"https:\/\/www.avavera.de\/fr\/impressum\/\" \/>\n<meta property=\"og:site_name\" content=\"Holz Pfosten-Riegel Fassade &amp; Glasdach\" \/>\n<meta property=\"article:modified_time\" content=\"2025-12-10T14:04:24+00:00\" \/>\n<meta name=\"twitter:card\" content=\"summary_large_image\" \/>\n<meta name=\"twitter:label1\" content=\"Dur\u00e9e de lecture estim\u00e9e\" \/>\n\t<meta name=\"twitter:data1\" content=\"1 minute\" \/>\n<script type=\"application\/ld+json\" class=\"yoast-schema-graph\">{\"@context\":\"https:\\\/\\\/schema.org\",\"@graph\":[{\"@type\":\"WebPage\",\"@id\":\"https:\\\/\\\/www.avavera.de\\\/fr\\\/impressum\\\/\",\"url\":\"https:\\\/\\\/www.avavera.de\\\/fr\\\/impressum\\\/\",\"name\":\"Pfosten-Riegel Fassade Holz-Alu impressum - Holz Pfosten-Riegel Fassade &amp; Glasdach\",\"isPartOf\":{\"@id\":\"https:\\\/\\\/www.avavera.de\\\/fr\\\/#website\"},\"datePublished\":\"2025-10-24T02:00:34+00:00\",\"dateModified\":\"2025-12-10T14:04:24+00:00\",\"description\":\"AVAVERA Pfosten-Riegel Fassade - ein innovatives Gestaltungselement zukunftsorientierter Architektur \u2013 nachhaltig, einfach zu montieren, gepr\u00fcft f\u00fcr h\u00f6chste Leistung.\",\"breadcrumb\":{\"@id\":\"https:\\\/\\\/www.avavera.de\\\/fr\\\/impressum\\\/#breadcrumb\"},\"inLanguage\":\"fr-FR\",\"potentialAction\":[{\"@type\":\"ReadAction\",\"target\":[\"https:\\\/\\\/www.avavera.de\\\/fr\\\/impressum\\\/\"]}]},{\"@type\":\"BreadcrumbList\",\"@id\":\"https:\\\/\\\/www.avavera.de\\\/fr\\\/impressum\\\/#breadcrumb\",\"itemListElement\":[{\"@type\":\"ListItem\",\"position\":1,\"name\":\"Startseite\",\"item\":\"https:\\\/\\\/www.avavera.de\\\/fr\\\/\"},{\"@type\":\"ListItem\",\"position\":2,\"name\":\"impressum\"}]},{\"@type\":\"WebSite\",\"@id\":\"https:\\\/\\\/www.avavera.de\\\/fr\\\/#website\",\"url\":\"https:\\\/\\\/www.avavera.de\\\/fr\\\/\",\"name\":\"Holz Pfosten-Riegel Fassade &amp; Glasdach\",\"description\":\"AVAVERA\",\"publisher\":{\"@id\":\"https:\\\/\\\/www.avavera.de\\\/fr\\\/#organization\"},\"potentialAction\":[{\"@type\":\"SearchAction\",\"target\":{\"@type\":\"EntryPoint\",\"urlTemplate\":\"https:\\\/\\\/www.avavera.de\\\/fr\\\/?s={search_term_string}\"},\"query-input\":{\"@type\":\"PropertyValueSpecification\",\"valueRequired\":true,\"valueName\":\"search_term_string\"}}],\"inLanguage\":\"fr-FR\"},{\"@type\":\"Organization\",\"@id\":\"https:\\\/\\\/www.avavera.de\\\/fr\\\/#organization\",\"name\":\"Holz Pfosten-Riegel Fassade &amp; Glasdach\",\"url\":\"https:\\\/\\\/www.avavera.de\\\/fr\\\/\",\"logo\":{\"@type\":\"ImageObject\",\"inLanguage\":\"fr-FR\",\"@id\":\"https:\\\/\\\/www.avavera.de\\\/fr\\\/#\\\/schema\\\/logo\\\/image\\\/\",\"url\":\"https:\\\/\\\/www.avavera.de\\\/wp-content\\\/uploads\\\/2025\\\/10\\\/avavera-logo-3.png\",\"contentUrl\":\"https:\\\/\\\/www.avavera.de\\\/wp-content\\\/uploads\\\/2025\\\/10\\\/avavera-logo-3.png\",\"width\":284,\"height\":113,\"caption\":\"Holz Pfosten-Riegel Fassade &amp; Glasdach\"},\"image\":{\"@id\":\"https:\\\/\\\/www.avavera.de\\\/fr\\\/#\\\/schema\\\/logo\\\/image\\\/\"}}]}<\/script>\n<!-- \/ Yoast SEO plugin. -->","yoast_head_json":{"title":"Pfosten-Riegel Fassade Holz-Alu impressum - Holz Pfosten-Riegel Fassade &amp; Glasdach","description":"AVAVERA Pfosten-Riegel Fassade - ein innovatives Gestaltungselement zukunftsorientierter Architektur \u2013 nachhaltig, einfach zu montieren, gepr\u00fcft f\u00fcr h\u00f6chste Leistung.","robots":{"index":"index","follow":"follow","max-snippet":"max-snippet:-1","max-image-preview":"max-image-preview:large","max-video-preview":"max-video-preview:-1"},"canonical":"https:\/\/www.avavera.de\/fr\/impressum\/","og_locale":"fr_FR","og_type":"article","og_title":"Pfosten-Riegel Fassade Holz-Alu impressum - Holz Pfosten-Riegel Fassade &amp; Glasdach","og_description":"AVAVERA Pfosten-Riegel Fassade - ein innovatives Gestaltungselement zukunftsorientierter Architektur \u2013 nachhaltig, einfach zu montieren, gepr\u00fcft f\u00fcr h\u00f6chste Leistung.","og_url":"https:\/\/www.avavera.de\/fr\/impressum\/","og_site_name":"Holz Pfosten-Riegel Fassade &amp; Glasdach","article_modified_time":"2025-12-10T14:04:24+00:00","twitter_card":"summary_large_image","twitter_misc":{"Dur\u00e9e de lecture estim\u00e9e":"1 minute"},"schema":{"@context":"https:\/\/schema.org","@graph":[{"@type":"WebPage","@id":"https:\/\/www.avavera.de\/fr\/impressum\/","url":"https:\/\/www.avavera.de\/fr\/impressum\/","name":"Pfosten-Riegel Fassade Holz-Alu impressum - Holz Pfosten-Riegel Fassade &amp; Glasdach","isPartOf":{"@id":"https:\/\/www.avavera.de\/fr\/#website"},"datePublished":"2025-10-24T02:00:34+00:00","dateModified":"2025-12-10T14:04:24+00:00","description":"AVAVERA Pfosten-Riegel Fassade - ein innovatives Gestaltungselement zukunftsorientierter Architektur \u2013 nachhaltig, einfach zu montieren, gepr\u00fcft f\u00fcr h\u00f6chste Leistung.","breadcrumb":{"@id":"https:\/\/www.avavera.de\/fr\/impressum\/#breadcrumb"},"inLanguage":"fr-FR","potentialAction":[{"@type":"ReadAction","target":["https:\/\/www.avavera.de\/fr\/impressum\/"]}]},{"@type":"BreadcrumbList","@id":"https:\/\/www.avavera.de\/fr\/impressum\/#breadcrumb","itemListElement":[{"@type":"ListItem","position":1,"name":"Startseite","item":"https:\/\/www.avavera.de\/fr\/"},{"@type":"ListItem","position":2,"name":"impressum"}]},{"@type":"WebSite","@id":"https:\/\/www.avavera.de\/fr\/#website","url":"https:\/\/www.avavera.de\/fr\/","name":"Holz Pfosten-Riegel Fassade &amp; Glasdach","description":"AVAVERA","publisher":{"@id":"https:\/\/www.avavera.de\/fr\/#organization"},"potentialAction":[{"@type":"SearchAction","target":{"@type":"EntryPoint","urlTemplate":"https:\/\/www.avavera.de\/fr\/?s={search_term_string}"},"query-input":{"@type":"PropertyValueSpecification","valueRequired":true,"valueName":"search_term_string"}}],"inLanguage":"fr-FR"},{"@type":"Organization","@id":"https:\/\/www.avavera.de\/fr\/#organization","name":"Holz Pfosten-Riegel Fassade &amp; Glasdach","url":"https:\/\/www.avavera.de\/fr\/","logo":{"@type":"ImageObject","inLanguage":"fr-FR","@id":"https:\/\/www.avavera.de\/fr\/#\/schema\/logo\/image\/","url":"https:\/\/www.avavera.de\/wp-content\/uploads\/2025\/10\/avavera-logo-3.png","contentUrl":"https:\/\/www.avavera.de\/wp-content\/uploads\/2025\/10\/avavera-logo-3.png","width":284,"height":113,"caption":"Holz Pfosten-Riegel Fassade &amp; Glasdach"},"image":{"@id":"https:\/\/www.avavera.de\/fr\/#\/schema\/logo\/image\/"}}]}},"_links":{"self":[{"href":"https:\/\/www.avavera.de\/fr\/wp-json\/wp\/v2\/pages\/604","targetHints":{"allow":["GET"]}}],"collection":[{"href":"https:\/\/www.avavera.de\/fr\/wp-json\/wp\/v2\/pages"}],"about":[{"href":"https:\/\/www.avavera.de\/fr\/wp-json\/wp\/v2\/types\/page"}],"author":[{"embeddable":true,"href":"https:\/\/www.avavera.de\/fr\/wp-json\/wp\/v2\/users\/1"}],"replies":[{"embeddable":true,"href":"https:\/\/www.avavera.de\/fr\/wp-json\/wp\/v2\/comments?post=604"}],"version-history":[{"count":3,"href":"https:\/\/www.avavera.de\/fr\/wp-json\/wp\/v2\/pages\/604\/revisions"}],"predecessor-version":[{"id":1245,"href":"https:\/\/www.avavera.de\/fr\/wp-json\/wp\/v2\/pages\/604\/revisions\/1245"}],"wp:attachment":[{"href":"https:\/\/www.avavera.de\/fr\/wp-json\/wp\/v2\/media?parent=604"}],"curies":[{"name":"wp","href":"https:\/\/api.w.org\/{rel}","templated":true}]}}