{"id":706,"date":"2025-10-24T11:39:54","date_gmt":"2025-10-24T11:39:54","guid":{"rendered":"https:\/\/www.avavera.de\/agb\/"},"modified":"2025-10-25T03:15:17","modified_gmt":"2025-10-25T03:15:17","slug":"agb","status":"publish","type":"page","link":"https:\/\/www.avavera.de\/fr\/agb\/","title":{"rendered":"AGB"},"content":{"rendered":"\n<div class=\"wp-block-stackable-columns alignfull stk-block-columns stk-block stk-68dc93f\" data-block-id=\"68dc93f\"><style>.stk-68dc93f {padding-top:100px !important;padding-right:25px !important;padding-bottom:100px !important;padding-left:25px !important;margin-bottom:0px !important;}<\/style><div class=\"stk-row stk-inner-blocks stk-block-content stk-content-align stk-68dc93f-column\">\n<div class=\"wp-block-stackable-column stk-block-column stk-column stk-block stk-da3c266\" data-v=\"4\" data-block-id=\"da3c266\"><div class=\"stk-column-wrapper stk-block-column__content stk-container stk-da3c266-container stk--no-background stk--no-padding\"><div class=\"stk-block-content stk-inner-blocks stk-da3c266-inner-blocks\">\n<h1>Conditions G\u00e9n\u00e9rales de Vente<\/h1><p>pour la fourniture de services par AVAVERA GmbH, Kronenweg 41, 50389 Wesseling, E-Mail : c.service@avavera.de (ci-apr\u00e8s d\u00e9nomm\u00e9 le \u00ab Prestataire \u00bb) \u00e0 l&rsquo;\u00e9gard de ses clients (ci-apr\u00e8s d\u00e9nomm\u00e9 le \u00ab Client \u00bb)<\/p>\n<h2>1. G\u00e9n\u00e9ralit\u00e9s<\/h2> <p>1.1 Ces Conditions G\u00e9n\u00e9rales de Vente (CGV) pour la fourniture de services s&rsquo;appliquent aux contrats conclus entre le Client et le Prestataire, incluant ces CGV.<\/p>\n<p>1.2 Le Prestataire ne conclut pas de contrats avec des consommateurs ou des particuliers.<\/p>\n<p>1.3 Dans la mesure o\u00f9 d&rsquo;autres documents contractuels ou d&rsquo;autres conditions g\u00e9n\u00e9rales sont devenus partie int\u00e9grante du contrat en plus de ces CGV sous forme de texte ou \u00e9crite, les dispositions de ces documents contractuels suppl\u00e9mentaires pr\u00e9valent sur les pr\u00e9sentes CGV en cas de contradiction.<\/p>\n<p>1.4 Le Prestataire ne reconna\u00eet pas les conditions g\u00e9n\u00e9rales divergentes utilis\u00e9es par le Client, sous r\u00e9serve d&rsquo;un consentement expr\u00e8s.<\/p>\n<h2>2. Objet du Contrat et \u00c9tendue des Prestations<\/h2> <p>2.1 Le Prestataire, en tant qu&rsquo;entrepreneur ind\u00e9pendant, fournit les prestations suivantes au Client :<\/p> <p><p>L&rsquo;objet de la prestation contractuelle est la vente et la livraison des syst\u00e8mes de fa\u00e7ade (marchandises) sp\u00e9cifi\u00e9s dans la confirmation de commande. Les services de planification, de conseil ou de montage ne font pas partie du contrat et rel\u00e8vent uniquement de la responsabilit\u00e9 de l&rsquo;acheteur.<\/p><\/p>\n\u00a0<p>2.2 L&rsquo;\u00e9tendue sp\u00e9cifique des prestations fait l&rsquo;objet d&rsquo;accords individuels entre le Prestataire et le Client.<\/p> <p>2.3 Le Prestataire ex\u00e9cute les prestations contractuelles avec le plus grand soin et la plus grande conscience, selon l&rsquo;\u00e9tat actuel des connaissances, les r\u00e8gles et les d\u00e9couvertes les plus r\u00e9centes.<\/p> <p>2.4 Le Prestataire est tenu d&rsquo;ex\u00e9cuter les prestations contractuelles dues. Cependant, dans l&rsquo;exercice de son activit\u00e9, il n&rsquo;est soumis \u00e0 aucune instruction concernant la nature de l&rsquo;ex\u00e9cution de ses prestations, le lieu de l&rsquo;ex\u00e9cution des prestations, ni le moment de l&rsquo;ex\u00e9cution des prestations. Il fixera lui-m\u00eame le calendrier des jours d&rsquo;activit\u00e9 et la r\u00e9partition du temps durant ces jours de mani\u00e8re \u00e0 atteindre une efficacit\u00e9 optimale dans son activit\u00e9 et dans la r\u00e9alisation de l&rsquo;objet du contrat. L&rsquo;ex\u00e9cution des prestations par le Prestataire a lieu uniquement en concertation et en coordination avec le Client.<\/p>\n<h2>3. Obligations de Coop\u00e9ration du Client<\/h2> <p>Il incombe au Client de communiquer de mani\u00e8re compl\u00e8te et correcte les informations, donn\u00e9es et autres contenus qu&rsquo;il doit fournir aux fins de l&rsquo;ex\u00e9cution des prestations. Le Prestataire n&rsquo;est en aucun cas responsable envers le Client des retards dans l&rsquo;ex\u00e9cution des prestations r\u00e9sultant d&rsquo;une coop\u00e9ration ou d&rsquo;un travail suppl\u00e9mentaire n\u00e9cessaire et tardif de la part du client ; les dispositions sous le titre \u00ab Responsabilit\u00e9 \/ Indemnisation \u00bb restent inchang\u00e9es.<\/p>\n<h2>4. R\u00e9mun\u00e9ration<\/h2> <p>4.1 La r\u00e9mun\u00e9ration est convenue individuellement par contrat.<\/p> <p>4.2 La r\u00e9mun\u00e9ration est due apr\u00e8s l&rsquo;ex\u00e9cution des services. Si la r\u00e9mun\u00e9ration est calcul\u00e9e par p\u00e9riodes, elle est due apr\u00e8s l&rsquo;expiration de chaque p\u00e9riode (\u00a7 614 BGB &#8211; Code Civil Allemand). En cas de facturation bas\u00e9e sur les efforts, le Prestataire est en droit, sous r\u00e9serve d&rsquo;accords contraires, de facturer les prestations fournies mensuellement.<\/p> <p>4.3 Le Prestataire envoie au Client une facture par courrier ou par e-mail (par exemple au format PDF) apr\u00e8s l&rsquo;ex\u00e9cution des prestations. La r\u00e9mun\u00e9ration est payable dans les 14 jours suivant la r\u00e9ception de la facture.<\/p>\n<h2>5. Responsabilit\u00e9 \/ Indemnisation<\/h2> <p>5.1 Le Prestataire est responsable sans restriction, quelle que soit la base l\u00e9gale, en cas de faute intentionnelle ou de n\u00e9gligence grave, en cas de violation intentionnelle ou par n\u00e9gligence de la vie, du corps ou de la sant\u00e9, sur la base d&rsquo;une promesse de garantie, sauf stipulation contraire \u00e0 cet \u00e9gard, ou sur la base d&rsquo;une responsabilit\u00e9 obligatoire. Si le Prestataire enfreint par n\u00e9gligence une obligation contractuelle essentielle, la responsabilit\u00e9 est limit\u00e9e au dommage pr\u00e9visible et typique du contrat, sauf si la responsabilit\u00e9 illimit\u00e9e est engag\u00e9e conform\u00e9ment \u00e0 la phrase pr\u00e9c\u00e9dente. Les obligations contractuelles essentielles sont celles que le contrat impose au Prestataire selon son contenu pour atteindre l&rsquo;objectif du contrat, dont l&rsquo;ex\u00e9cution permet la bonne ex\u00e9cution du contrat et sur le respect desquelles le client peut r\u00e9guli\u00e8rement se fier. Toute autre responsabilit\u00e9 du Prestataire est exclue. Les r\u00e8gles de responsabilit\u00e9 susmentionn\u00e9es s&rsquo;appliquent \u00e9galement en ce qui concerne la responsabilit\u00e9 du Prestataire pour ses auxiliaires d&rsquo;ex\u00e9cution et ses repr\u00e9sentants l\u00e9gaux.<\/p> <p>5.2 Le Client d\u00e9gage le Prestataire de toute r\u00e9clamation de tiers qui serait formul\u00e9e contre le Prestataire en raison de violations par le Client des pr\u00e9sentes conditions contractuelles ou du droit applicable.<\/p>\n<h2>6. Dur\u00e9e du Contrat et R\u00e9siliation<\/h2> <p>6.1 Les parties conviennent individuellement de la dur\u00e9e du contrat et des d\u00e9lais de r\u00e9siliation ordinaire.<\/p> <p>6.2 Le droit des deux parties \u00e0 la r\u00e9siliation sans pr\u00e9avis pour motif grave reste inchang\u00e9.<\/p> <p>6.3 Le Prestataire doit imm\u00e9diatement restituer ou d\u00e9truire tous les documents et autres contenus qui lui ont \u00e9t\u00e9 confi\u00e9s apr\u00e8s la fin du contrat, au choix du client. L&rsquo;exercice d&rsquo;un droit de r\u00e9tention \u00e0 leur \u00e9gard est exclu. Les donn\u00e9es \u00e9lectroniques doivent \u00eatre compl\u00e8tement supprim\u00e9es. Sont exclus les documents et donn\u00e9es pour lesquels une obligation l\u00e9gale de conservation plus longue existe, mais uniquement jusqu&rsquo;\u00e0 la fin de la p\u00e9riode de conservation respective. Le Prestataire doit confirmer par \u00e9crit la suppression \u00e0 l&rsquo;entreprise sur demande.<\/p>\n<h2>7. Confidentialit\u00e9 et Protection des Donn\u00e9es<\/h2> <p>7.1 Le Prestataire traitera de mani\u00e8re strictement confidentielle toutes les proc\u00e9dures dont il prendra connaissance en relation avec la commande. Le Prestataire s&rsquo;engage \u00e0 imposer l&rsquo;obligation de confidentialit\u00e9 \u00e0 tous les employ\u00e9s et\/ou tiers ayant acc\u00e8s aux informations faisant l&rsquo;objet du contrat. L&rsquo;obligation de confidentialit\u00e9 s&rsquo;applique pour une dur\u00e9e illimit\u00e9e au-del\u00e0 de la dur\u00e9e de ce contrat.<\/p> <p>7.2 Le Prestataire s&rsquo;engage \u00e0 respecter toutes les dispositions relatives \u00e0 la protection des donn\u00e9es \u2013 en particulier les dispositions du R\u00e8glement G\u00e9n\u00e9ral sur la Protection des Donn\u00e9es et de la Loi F\u00e9d\u00e9rale sur la Protection des Donn\u00e9es \u2013 lors de l&rsquo;ex\u00e9cution de la commande.<\/p>\n<h2>8. Dispositions Finales<\/h2> <p>8.1 Le droit de la R\u00e9publique F\u00e9d\u00e9rale d&rsquo;Allemagne s&rsquo;applique, \u00e0 l&rsquo;exclusion de la CISG (Convention de Vienne sur la vente internationale de marchandises).<\/p> <p>8.2 Si une disposition des pr\u00e9sentes CGV est ou devient invalide, la validit\u00e9 des CGV restantes n&rsquo;en sera pas affect\u00e9e.<\/p> <p>8.3 Le Client encouragera le Prestataire dans l&rsquo;ex\u00e9cution de ses prestations contractuelles par des actes de coop\u00e9ration appropri\u00e9s, si n\u00e9cessaire. Le Client fournira notamment au Prestataire les informations et donn\u00e9es n\u00e9cessaires \u00e0 l&rsquo;ex\u00e9cution de la commande.<\/p> <p>8.4 Si le Client est un commer\u00e7ant, une personne morale de droit public ou un fonds sp\u00e9cial de droit public, ou s&rsquo;il n&rsquo;a pas de tribunal comp\u00e9tent g\u00e9n\u00e9ral en Allemagne, les parties conviennent du si\u00e8ge social du Prestataire comme lieu de juridiction pour tous les litiges d\u00e9coulant de cette relation contractuelle ; les lieux de juridiction exclusifs restent inchang\u00e9s.<\/p> <p>8.5 Le Prestataire est autoris\u00e9 \u00e0 modifier les pr\u00e9sentes CGV pour des raisons objectivement justifi\u00e9es (par exemple, changements dans la jurisprudence, la l\u00e9gislation, les conditions du march\u00e9 ou la strat\u00e9gie commerciale ou d&rsquo;entreprise) et en respectant un d\u00e9lai raisonnable. Les clients existants en seront inform\u00e9s par e-mail au moins deux semaines avant l&rsquo;entr\u00e9e en vigueur de la modification. Si le client existant ne s&rsquo;y oppose pas dans le d\u00e9lai imparti dans la notification de modification, son consentement \u00e0 la modification est r\u00e9put\u00e9 donn\u00e9. S&rsquo;il s&rsquo;y oppose, les modifications n&rsquo;entreront pas en vigueur ; dans ce cas, le Prestataire est en droit de r\u00e9silier le contrat de mani\u00e8re extraordinaire au moment de l&rsquo;entr\u00e9e en vigueur de la modification. La notification de la modification envisag\u00e9e des pr\u00e9sentes CGV indiquera le d\u00e9lai et les cons\u00e9quences d&rsquo;une opposition ou de son absence.<\/p>\n<\/div><\/div><\/div>\n<\/div><\/div>\n","protected":false},"excerpt":{"rendered":"<p>Conditions G\u00e9n\u00e9rales de Vente pour la fourniture de services par AVAVERA GmbH, Kronenweg 41, 50389 Wesseling, E-Mail : c.service@avavera.de (ci-apr\u00e8s [&hellip;]<\/p>\n","protected":false},"author":1,"featured_media":0,"parent":0,"menu_order":0,"comment_status":"closed","ping_status":"closed","template":"","meta":{"site-sidebar-layout":"default","site-content-layout":"","ast-site-content-layout":"default","site-content-style":"default","site-sidebar-style":"default","ast-global-header-display":"","ast-banner-title-visibility":"","ast-main-header-display":"","ast-hfb-above-header-display":"","ast-hfb-below-header-display":"","ast-hfb-mobile-header-display":"","site-post-title":"","ast-breadcrumbs-content":"","ast-featured-img":"","footer-sml-layout":"","ast-disable-related-posts":"","theme-transparent-header-meta":"","adv-header-id-meta":"","stick-header-meta":"","header-above-stick-meta":"","header-main-stick-meta":"","header-below-stick-meta":"","astra-migrate-meta-layouts":"default","ast-page-background-enabled":"default","ast-page-background-meta":{"desktop":{"background-color":"var(--ast-global-color-5)","background-image":"","background-repeat":"repeat","background-position":"center center","background-size":"auto","background-attachment":"scroll","background-type":"","background-media":"","overlay-type":"","overlay-color":"","overlay-opacity":"","overlay-gradient":""},"tablet":{"background-color":"","background-image":"","background-repeat":"repeat","background-position":"center center","background-size":"auto","background-attachment":"scroll","background-type":"","background-media":"","overlay-type":"","overlay-color":"","overlay-opacity":"","overlay-gradient":""},"mobile":{"background-color":"","background-image":"","background-repeat":"repeat","background-position":"center center","background-size":"auto","background-attachment":"scroll","background-type":"","background-media":"","overlay-type":"","overlay-color":"","overlay-opacity":"","overlay-gradient":""}},"ast-content-background-meta":{"desktop":{"background-color":"var(--ast-global-color-4)","background-image":"","background-repeat":"repeat","background-position":"center center","background-size":"auto","background-attachment":"scroll","background-type":"","background-media":"","overlay-type":"","overlay-color":"","overlay-opacity":"","overlay-gradient":""},"tablet":{"background-color":"var(--ast-global-color-4)","background-image":"","background-repeat":"repeat","background-position":"center center","background-size":"auto","background-attachment":"scroll","background-type":"","background-media":"","overlay-type":"","overlay-color":"","overlay-opacity":"","overlay-gradient":""},"mobile":{"background-color":"var(--ast-global-color-4)","background-image":"","background-repeat":"repeat","background-position":"center center","background-size":"auto","background-attachment":"scroll","background-type":"","background-media":"","overlay-type":"","overlay-color":"","overlay-opacity":"","overlay-gradient":""}},"footnotes":""},"class_list":["post-706","page","type-page","status-publish","hentry"],"yoast_head":"<!-- This site is optimized with the Yoast SEO plugin v27.6 - https:\/\/yoast.com\/product\/yoast-seo-wordpress\/ -->\n<title>AGB - Holz Pfosten-Riegel Fassade &amp; Glasdach<\/title>\n<meta name=\"robots\" content=\"index, follow, max-snippet:-1, max-image-preview:large, max-video-preview:-1\" \/>\n<link rel=\"canonical\" href=\"https:\/\/www.avavera.de\/fr\/agb\/\" \/>\n<meta property=\"og:locale\" content=\"fr_FR\" \/>\n<meta property=\"og:type\" content=\"article\" \/>\n<meta property=\"og:title\" content=\"AGB - Holz Pfosten-Riegel Fassade &amp; Glasdach\" \/>\n<meta property=\"og:description\" content=\"Conditions G\u00e9n\u00e9rales de Vente pour la fourniture de services par AVAVERA GmbH, Kronenweg 41, 50389 Wesseling, E-Mail : c.service@avavera.de (ci-apr\u00e8s [&hellip;]\" \/>\n<meta property=\"og:url\" content=\"https:\/\/www.avavera.de\/fr\/agb\/\" \/>\n<meta property=\"og:site_name\" content=\"Holz Pfosten-Riegel Fassade &amp; Glasdach\" \/>\n<meta property=\"article:modified_time\" content=\"2025-10-25T03:15:17+00:00\" \/>\n<meta name=\"twitter:card\" content=\"summary_large_image\" \/>\n<meta name=\"twitter:label1\" content=\"Dur\u00e9e de lecture estim\u00e9e\" \/>\n\t<meta name=\"twitter:data1\" content=\"6 minutes\" \/>\n<script type=\"application\/ld+json\" class=\"yoast-schema-graph\">{\"@context\":\"https:\\\/\\\/schema.org\",\"@graph\":[{\"@type\":\"WebPage\",\"@id\":\"https:\\\/\\\/www.avavera.de\\\/fr\\\/agb\\\/\",\"url\":\"https:\\\/\\\/www.avavera.de\\\/fr\\\/agb\\\/\",\"name\":\"AGB - Holz Pfosten-Riegel Fassade &amp; Glasdach\",\"isPartOf\":{\"@id\":\"https:\\\/\\\/www.avavera.de\\\/fr\\\/#website\"},\"datePublished\":\"2025-10-24T11:39:54+00:00\",\"dateModified\":\"2025-10-25T03:15:17+00:00\",\"breadcrumb\":{\"@id\":\"https:\\\/\\\/www.avavera.de\\\/fr\\\/agb\\\/#breadcrumb\"},\"inLanguage\":\"fr-FR\",\"potentialAction\":[{\"@type\":\"ReadAction\",\"target\":[\"https:\\\/\\\/www.avavera.de\\\/fr\\\/agb\\\/\"]}]},{\"@type\":\"BreadcrumbList\",\"@id\":\"https:\\\/\\\/www.avavera.de\\\/fr\\\/agb\\\/#breadcrumb\",\"itemListElement\":[{\"@type\":\"ListItem\",\"position\":1,\"name\":\"Startseite\",\"item\":\"https:\\\/\\\/www.avavera.de\\\/fr\\\/\"},{\"@type\":\"ListItem\",\"position\":2,\"name\":\"AGB\"}]},{\"@type\":\"WebSite\",\"@id\":\"https:\\\/\\\/www.avavera.de\\\/fr\\\/#website\",\"url\":\"https:\\\/\\\/www.avavera.de\\\/fr\\\/\",\"name\":\"Holz Pfosten-Riegel Fassade &amp; Glasdach\",\"description\":\"AVAVERA\",\"publisher\":{\"@id\":\"https:\\\/\\\/www.avavera.de\\\/fr\\\/#organization\"},\"potentialAction\":[{\"@type\":\"SearchAction\",\"target\":{\"@type\":\"EntryPoint\",\"urlTemplate\":\"https:\\\/\\\/www.avavera.de\\\/fr\\\/?s={search_term_string}\"},\"query-input\":{\"@type\":\"PropertyValueSpecification\",\"valueRequired\":true,\"valueName\":\"search_term_string\"}}],\"inLanguage\":\"fr-FR\"},{\"@type\":\"Organization\",\"@id\":\"https:\\\/\\\/www.avavera.de\\\/fr\\\/#organization\",\"name\":\"Holz Pfosten-Riegel Fassade &amp; Glasdach\",\"url\":\"https:\\\/\\\/www.avavera.de\\\/fr\\\/\",\"logo\":{\"@type\":\"ImageObject\",\"inLanguage\":\"fr-FR\",\"@id\":\"https:\\\/\\\/www.avavera.de\\\/fr\\\/#\\\/schema\\\/logo\\\/image\\\/\",\"url\":\"https:\\\/\\\/www.avavera.de\\\/wp-content\\\/uploads\\\/2025\\\/10\\\/avavera-logo-3.png\",\"contentUrl\":\"https:\\\/\\\/www.avavera.de\\\/wp-content\\\/uploads\\\/2025\\\/10\\\/avavera-logo-3.png\",\"width\":284,\"height\":113,\"caption\":\"Holz Pfosten-Riegel Fassade &amp; Glasdach\"},\"image\":{\"@id\":\"https:\\\/\\\/www.avavera.de\\\/fr\\\/#\\\/schema\\\/logo\\\/image\\\/\"}}]}<\/script>\n<!-- \/ Yoast SEO plugin. -->","yoast_head_json":{"title":"AGB - Holz Pfosten-Riegel Fassade &amp; Glasdach","robots":{"index":"index","follow":"follow","max-snippet":"max-snippet:-1","max-image-preview":"max-image-preview:large","max-video-preview":"max-video-preview:-1"},"canonical":"https:\/\/www.avavera.de\/fr\/agb\/","og_locale":"fr_FR","og_type":"article","og_title":"AGB - Holz Pfosten-Riegel Fassade &amp; Glasdach","og_description":"Conditions G\u00e9n\u00e9rales de Vente pour la fourniture de services par AVAVERA GmbH, Kronenweg 41, 50389 Wesseling, E-Mail : c.service@avavera.de (ci-apr\u00e8s [&hellip;]","og_url":"https:\/\/www.avavera.de\/fr\/agb\/","og_site_name":"Holz Pfosten-Riegel Fassade &amp; Glasdach","article_modified_time":"2025-10-25T03:15:17+00:00","twitter_card":"summary_large_image","twitter_misc":{"Dur\u00e9e de lecture estim\u00e9e":"6 minutes"},"schema":{"@context":"https:\/\/schema.org","@graph":[{"@type":"WebPage","@id":"https:\/\/www.avavera.de\/fr\/agb\/","url":"https:\/\/www.avavera.de\/fr\/agb\/","name":"AGB - Holz Pfosten-Riegel Fassade &amp; Glasdach","isPartOf":{"@id":"https:\/\/www.avavera.de\/fr\/#website"},"datePublished":"2025-10-24T11:39:54+00:00","dateModified":"2025-10-25T03:15:17+00:00","breadcrumb":{"@id":"https:\/\/www.avavera.de\/fr\/agb\/#breadcrumb"},"inLanguage":"fr-FR","potentialAction":[{"@type":"ReadAction","target":["https:\/\/www.avavera.de\/fr\/agb\/"]}]},{"@type":"BreadcrumbList","@id":"https:\/\/www.avavera.de\/fr\/agb\/#breadcrumb","itemListElement":[{"@type":"ListItem","position":1,"name":"Startseite","item":"https:\/\/www.avavera.de\/fr\/"},{"@type":"ListItem","position":2,"name":"AGB"}]},{"@type":"WebSite","@id":"https:\/\/www.avavera.de\/fr\/#website","url":"https:\/\/www.avavera.de\/fr\/","name":"Holz Pfosten-Riegel Fassade &amp; Glasdach","description":"AVAVERA","publisher":{"@id":"https:\/\/www.avavera.de\/fr\/#organization"},"potentialAction":[{"@type":"SearchAction","target":{"@type":"EntryPoint","urlTemplate":"https:\/\/www.avavera.de\/fr\/?s={search_term_string}"},"query-input":{"@type":"PropertyValueSpecification","valueRequired":true,"valueName":"search_term_string"}}],"inLanguage":"fr-FR"},{"@type":"Organization","@id":"https:\/\/www.avavera.de\/fr\/#organization","name":"Holz Pfosten-Riegel Fassade &amp; Glasdach","url":"https:\/\/www.avavera.de\/fr\/","logo":{"@type":"ImageObject","inLanguage":"fr-FR","@id":"https:\/\/www.avavera.de\/fr\/#\/schema\/logo\/image\/","url":"https:\/\/www.avavera.de\/wp-content\/uploads\/2025\/10\/avavera-logo-3.png","contentUrl":"https:\/\/www.avavera.de\/wp-content\/uploads\/2025\/10\/avavera-logo-3.png","width":284,"height":113,"caption":"Holz Pfosten-Riegel Fassade &amp; Glasdach"},"image":{"@id":"https:\/\/www.avavera.de\/fr\/#\/schema\/logo\/image\/"}}]}},"_links":{"self":[{"href":"https:\/\/www.avavera.de\/fr\/wp-json\/wp\/v2\/pages\/706","targetHints":{"allow":["GET"]}}],"collection":[{"href":"https:\/\/www.avavera.de\/fr\/wp-json\/wp\/v2\/pages"}],"about":[{"href":"https:\/\/www.avavera.de\/fr\/wp-json\/wp\/v2\/types\/page"}],"author":[{"embeddable":true,"href":"https:\/\/www.avavera.de\/fr\/wp-json\/wp\/v2\/users\/1"}],"replies":[{"embeddable":true,"href":"https:\/\/www.avavera.de\/fr\/wp-json\/wp\/v2\/comments?post=706"}],"version-history":[{"count":1,"href":"https:\/\/www.avavera.de\/fr\/wp-json\/wp\/v2\/pages\/706\/revisions"}],"predecessor-version":[{"id":708,"href":"https:\/\/www.avavera.de\/fr\/wp-json\/wp\/v2\/pages\/706\/revisions\/708"}],"wp:attachment":[{"href":"https:\/\/www.avavera.de\/fr\/wp-json\/wp\/v2\/media?parent=706"}],"curies":[{"name":"wp","href":"https:\/\/api.w.org\/{rel}","templated":true}]}}